{"id":110,"date":"2020-11-07T21:38:51","date_gmt":"2020-11-07T20:38:51","guid":{"rendered":"https:\/\/www.atlascuisinesolaire.com\/fr\/?page_id=110"},"modified":"2025-01-08T10:52:43","modified_gmt":"2025-01-08T09:52:43","slug":"four-solaire-global-sun-oven","status":"publish","type":"page","link":"https:\/\/www.atlascuisinesolaire.com\/fr\/four-solaire-global-sun-oven\/","title":{"rendered":"Four solaire Global Sun Oven"},"content":{"rendered":"<h2><a href=\"https:\/\/www.solarbrother.com\/categorie-produit\/four-barbecue-solaire\/?aff=Romain\"><img decoding=\"async\" loading=\"lazy\" class=\"alignleft wp-image-111 size-full\" style=\"font-size: 16px;\" src=\"https:\/\/www.atlascuisinesolaire.com\/fr\/wp-content\/uploads\/2020\/11\/GSO1.jpg\" alt=\"\" width=\"400\" height=\"400\" srcset=\"https:\/\/www.atlascuisinesolaire.com\/fr\/wp-content\/uploads\/2020\/11\/GSO1.jpg 400w, https:\/\/www.atlascuisinesolaire.com\/fr\/wp-content\/uploads\/2020\/11\/GSO1-150x150.jpg 150w, https:\/\/www.atlascuisinesolaire.com\/fr\/wp-content\/uploads\/2020\/11\/GSO1-300x300.jpg 300w\" sizes=\"(max-width: 400px) 100vw, 400px\" \/><\/a>Description du four solaire<\/h2>\n<p>Le Sun Oven est un classique des fours solaires. D\u00e9velopp\u00e9 aux Etats- Unis au d\u00e9but des ann\u00e9es 80 il est aujourd\u2019hui le mod\u00e8le le plus universel du march\u00e9 et arrive enfin en France. Vous pouvez le trouver en vente sur <a href=\"https:\/\/www.solarbrother.com\/categorie-produit\/four-barbecue-solaire\/?aff=Romain\"><strong>SolarBrother.com<\/strong><\/a>. Il incorpore un r\u00e9flecteur de concentration en aluminium r\u00e9fl\u00e9chissant qui se combine avec un m\u00e9canisme d\u2019accumulation gr\u00e2ce \u00e0 une vitre trait\u00e9e et une tr\u00e8s bonne isolation thermique.<\/p>\n<p>Il permet de cuisiner pour une famille moyenne en utilisant l\u2019\u00e9nergie du soleil comme unique source. En plus d\u2019\u00eatre \u00e9cologique et \u00e9conomique, son mode de fonctionnement permet une alimentation plus saine et savoureuse.<\/p>\n<h2>Un authentique et v\u00e9ritable four solaire domestique<\/h2>\n<p>Un four solaire permet de cuisiner sans consommer de combustibles fossiles et d\u2019\u00e9viter les \u00e9missions de substances toxiques dans l\u2019atmosph\u00e8re (\u00e0 chaque fois que le soleil brille, nous utilisons ce four solaire). Le Sun Oven fut l\u2019un des premiers \u00e9quipements solaire domestique au monde et se pr\u00e9sente comme un outil utile pour les activit\u00e9s de plein air ou nous pouvons pr\u00e9parer de d\u00e9licieux plats sans feu ni \u00e9nergie conventionnelle.<\/p>\n<p>Son design porte une attention particuli\u00e8re sur le choix et la qualit\u00e9 des mat\u00e9riaux mais \u00e9galement son aspect pratique et mobile. Le Sun Oven peut se plier comme une petite valise et \u00eatre transport\u00e9 partout. Il int\u00e8gre un pied ajustable qui facilite son orientation en neuf positions et un syst\u00e8me de support interne qui permet de maintenir les r\u00e9cipients toujours horizontalement en fonction de l\u2019inclinaison du four.<\/p>\n<h2>Pour cuisiner sainement et \u00e9cologiquement<\/h2>\n<p>Maintenant avec le Sun Oven, lors d\u2019une sortie \u00e0 la campagne ou \u00e0 la plage il est possible d\u2019organiser la pr\u00e9paration de savoureuses recettes sans feu, sans \u00e9nergie conventionnelle et sans danger pour la nature. Un four solaire comme le Sun Oven permet de pr\u00e9parer une grande vari\u00e9t\u00e9 de plats.<\/p>\n<p>Le four solaire est une preuve du pouvoir de l\u2019\u00e9nergie solaire. Quand une dose de farine, de sel et d\u2019eau avec un peu de levure est transform\u00e9e en un magnifique morceau de pain gr\u00e2ce \u00e0 l\u2019\u00e9nergie accumul\u00e9e du soleil par le Sun Oven, une d\u00e9monstration est faite que vivre de mani\u00e8re durable et contribuer \u00e0 la protection de la plan\u00e8te n\u2019est pas si difficile. Le Sun Oven nous propose un service savoureux gr\u00e2ce l\u2019\u00e9nergie puissante du soleil, propre et renouvelable. Il dispose \u00e9galement d\u2019un manuel d\u2019instructions. Il est possible de placer \u00e0 l\u2019int\u00e9rieur un r\u00e9cipient utilisable dans un four traditionnel. Le four inclut un thermom\u00e8tre et atteint rapidement des temp\u00e9ratures de cuisson comprises entre 110 et 170\u00b0C.<\/p>\n","protected":false},"excerpt":{"rendered":"<p>Description du four solaire Le Sun Oven est un classique des fours solaires. D\u00e9velopp\u00e9 aux Etats- Unis au d\u00e9but des ann\u00e9es [&hellip;]<\/p>\n","protected":false},"author":1,"featured_media":0,"parent":0,"menu_order":0,"comment_status":"open","ping_status":"closed","template":"","meta":{"footnotes":""},"_links":{"self":[{"href":"https:\/\/www.atlascuisinesolaire.com\/fr\/wp-json\/wp\/v2\/pages\/110"}],"collection":[{"href":"https:\/\/www.atlascuisinesolaire.com\/fr\/wp-json\/wp\/v2\/pages"}],"about":[{"href":"https:\/\/www.atlascuisinesolaire.com\/fr\/wp-json\/wp\/v2\/types\/page"}],"author":[{"embeddable":true,"href":"https:\/\/www.atlascuisinesolaire.com\/fr\/wp-json\/wp\/v2\/users\/1"}],"replies":[{"embeddable":true,"href":"https:\/\/www.atlascuisinesolaire.com\/fr\/wp-json\/wp\/v2\/comments?post=110"}],"version-history":[{"count":3,"href":"https:\/\/www.atlascuisinesolaire.com\/fr\/wp-json\/wp\/v2\/pages\/110\/revisions"}],"predecessor-version":[{"id":609,"href":"https:\/\/www.atlascuisinesolaire.com\/fr\/wp-json\/wp\/v2\/pages\/110\/revisions\/609"}],"wp:attachment":[{"href":"https:\/\/www.atlascuisinesolaire.com\/fr\/wp-json\/wp\/v2\/media?parent=110"}],"curies":[{"name":"wp","href":"https:\/\/api.w.org\/{rel}","templated":true}]}}