{"id":122,"date":"2020-11-07T21:54:54","date_gmt":"2020-11-07T20:54:54","guid":{"rendered":"https:\/\/www.atlascuisinesolaire.com\/fr\/?page_id=122"},"modified":"2025-01-08T10:54:14","modified_gmt":"2025-01-08T09:54:14","slug":"four-solaire-ulog-light","status":"publish","type":"page","link":"https:\/\/www.atlascuisinesolaire.com\/fr\/four-solaire-ulog-light\/","title":{"rendered":"Four solaire ULOG Light"},"content":{"rendered":"<p>Mod\u00e8les de fours solaires ultra l\u00e9ger et atteignant des temp\u00e9ratures de 130 a 160\u00b0C.<\/p>\n<h2>Description du four solaire<\/h2>\n<p><a href=\"https:\/\/www.solarbrother.com\/categorie-produit\/four-barbecue-solaire\/?aff=Romain\"><img decoding=\"async\" loading=\"lazy\" class=\"size-full wp-image-123 alignleft\" src=\"https:\/\/www.atlascuisinesolaire.com\/fr\/wp-content\/uploads\/2020\/11\/ULOG_Light.jpg\" alt=\"\" width=\"400\" height=\"400\" srcset=\"https:\/\/www.atlascuisinesolaire.com\/fr\/wp-content\/uploads\/2020\/11\/ULOG_Light.jpg 400w, https:\/\/www.atlascuisinesolaire.com\/fr\/wp-content\/uploads\/2020\/11\/ULOG_Light-150x150.jpg 150w, https:\/\/www.atlascuisinesolaire.com\/fr\/wp-content\/uploads\/2020\/11\/ULOG_Light-300x300.jpg 300w\" sizes=\"(max-width: 400px) 100vw, 400px\" \/><\/a><\/p>\n<p>Enfin un four solaire \u2018caisse\u2019 moins lourd et au design de camping.<\/p>\n<p>L\u2019ext\u00e9rieur est en tissu de b\u00e2che pour bateau, le vitrage mixte, (un verre, une feuille en PET).<\/p>\n<p>Le tout ne p\u00e8se que 5 kilos.<\/p>\n<p>Il est vendu en Kit avec une casserole noire.<\/p>\n<p>L&rsquo;ULOG Light convient pour 3 personnes.<\/p>\n<p>Vous trouverez des mod\u00e8les similaires sur <strong><a href=\"https:\/\/www.solarbrother.com\/?aff=Romain\">SolarBrother.com<\/a><\/strong> \u00e0 fabriquer vous m\u00eame ou acheter directement.<\/p>\n","protected":false},"excerpt":{"rendered":"<p>Mod\u00e8les de fours solaires ultra l\u00e9ger et atteignant des temp\u00e9ratures de 130 a 160\u00b0C. Description du four solaire Enfin un four [&hellip;]<\/p>\n","protected":false},"author":1,"featured_media":0,"parent":0,"menu_order":0,"comment_status":"open","ping_status":"closed","template":"","meta":{"footnotes":""},"_links":{"self":[{"href":"https:\/\/www.atlascuisinesolaire.com\/fr\/wp-json\/wp\/v2\/pages\/122"}],"collection":[{"href":"https:\/\/www.atlascuisinesolaire.com\/fr\/wp-json\/wp\/v2\/pages"}],"about":[{"href":"https:\/\/www.atlascuisinesolaire.com\/fr\/wp-json\/wp\/v2\/types\/page"}],"author":[{"embeddable":true,"href":"https:\/\/www.atlascuisinesolaire.com\/fr\/wp-json\/wp\/v2\/users\/1"}],"replies":[{"embeddable":true,"href":"https:\/\/www.atlascuisinesolaire.com\/fr\/wp-json\/wp\/v2\/comments?post=122"}],"version-history":[{"count":4,"href":"https:\/\/www.atlascuisinesolaire.com\/fr\/wp-json\/wp\/v2\/pages\/122\/revisions"}],"predecessor-version":[{"id":613,"href":"https:\/\/www.atlascuisinesolaire.com\/fr\/wp-json\/wp\/v2\/pages\/122\/revisions\/613"}],"wp:attachment":[{"href":"https:\/\/www.atlascuisinesolaire.com\/fr\/wp-json\/wp\/v2\/media?parent=122"}],"curies":[{"name":"wp","href":"https:\/\/api.w.org\/{rel}","templated":true}]}}