{"id":129,"date":"2020-11-07T21:58:34","date_gmt":"2020-11-07T20:58:34","guid":{"rendered":"https:\/\/www.atlascuisinesolaire.com\/fr\/?page_id=129"},"modified":"2025-01-08T10:53:49","modified_gmt":"2025-01-08T09:53:49","slug":"four-solaire-ulog-familia","status":"publish","type":"page","link":"https:\/\/www.atlascuisinesolaire.com\/fr\/four-solaire-ulog-familia\/","title":{"rendered":"Four solaire ULOG Familia"},"content":{"rendered":"<h2>Description du four solaire<\/h2>\n<p><a href=\"https:\/\/www.solarbrother.com\/categorie-produit\/four-barbecue-solaire\/?aff=Romain\"><img decoding=\"async\" loading=\"lazy\" class=\"size-full wp-image-130 alignleft\" src=\"https:\/\/www.atlascuisinesolaire.com\/fr\/wp-content\/uploads\/2020\/11\/FamiliaULOG2.jpg\" alt=\"\" width=\"400\" height=\"400\" srcset=\"https:\/\/www.atlascuisinesolaire.com\/fr\/wp-content\/uploads\/2020\/11\/FamiliaULOG2.jpg 400w, https:\/\/www.atlascuisinesolaire.com\/fr\/wp-content\/uploads\/2020\/11\/FamiliaULOG2-150x150.jpg 150w, https:\/\/www.atlascuisinesolaire.com\/fr\/wp-content\/uploads\/2020\/11\/FamiliaULOG2-300x300.jpg 300w\" sizes=\"(max-width: 400px) 100vw, 400px\" \/><\/a>Un four solaire au format familial et fabriqu\u00e9 \u00e0 partir de mat\u00e9riaux locaux et \u00e9cologiques.<\/p>\n<p>Il nourrit 5 personnes et est vendu en kit avec une casserole noire.<\/p>\n<p>Vous trouverez des mod\u00e8les similaires sur <strong><a href=\"https:\/\/www.solarbrother.com\/?aff=Romain\">SolarBrother.com<\/a><\/strong> \u00e0 fabriquer vous m\u00eame ou acheter directement.<\/p>\n<p>Poids (env.) 13 kg<br \/>\nDimensions (cm) 75x50x44<br \/>\nCapacit\u00e9 (personnes) 4-6<\/p>\n","protected":false},"excerpt":{"rendered":"<p>Description du four solaire Un four solaire au format familial et fabriqu\u00e9 \u00e0 partir de mat\u00e9riaux locaux et \u00e9cologiques. Il nourrit [&hellip;]<\/p>\n","protected":false},"author":1,"featured_media":0,"parent":0,"menu_order":0,"comment_status":"closed","ping_status":"closed","template":"","meta":{"footnotes":""},"_links":{"self":[{"href":"https:\/\/www.atlascuisinesolaire.com\/fr\/wp-json\/wp\/v2\/pages\/129"}],"collection":[{"href":"https:\/\/www.atlascuisinesolaire.com\/fr\/wp-json\/wp\/v2\/pages"}],"about":[{"href":"https:\/\/www.atlascuisinesolaire.com\/fr\/wp-json\/wp\/v2\/types\/page"}],"author":[{"embeddable":true,"href":"https:\/\/www.atlascuisinesolaire.com\/fr\/wp-json\/wp\/v2\/users\/1"}],"replies":[{"embeddable":true,"href":"https:\/\/www.atlascuisinesolaire.com\/fr\/wp-json\/wp\/v2\/comments?post=129"}],"version-history":[{"count":5,"href":"https:\/\/www.atlascuisinesolaire.com\/fr\/wp-json\/wp\/v2\/pages\/129\/revisions"}],"predecessor-version":[{"id":612,"href":"https:\/\/www.atlascuisinesolaire.com\/fr\/wp-json\/wp\/v2\/pages\/129\/revisions\/612"}],"wp:attachment":[{"href":"https:\/\/www.atlascuisinesolaire.com\/fr\/wp-json\/wp\/v2\/media?parent=129"}],"curies":[{"name":"wp","href":"https:\/\/api.w.org\/{rel}","templated":true}]}}