{"id":139,"date":"2020-11-07T22:02:09","date_gmt":"2020-11-07T21:02:09","guid":{"rendered":"https:\/\/www.atlascuisinesolaire.com\/fr\/?page_id=139"},"modified":"2025-01-08T10:54:36","modified_gmt":"2025-01-08T09:54:36","slug":"cuiseur-solaire-bibesol","status":"publish","type":"page","link":"https:\/\/www.atlascuisinesolaire.com\/fr\/cuiseur-solaire-bibesol\/","title":{"rendered":"Cuiseur solaire Bibesol"},"content":{"rendered":"<p><img decoding=\"async\" loading=\"lazy\" class=\"size-full wp-image-46 alignleft\" src=\"https:\/\/www.atlascuisinesolaire.com\/fr\/wp-content\/uploads\/2020\/11\/Cuiseur-solaire-Bibesol-mini.gif\" alt=\"\" width=\"83\" height=\"100\" \/>Le BibeSol est un mini r\u00e9chaud solaire \u00e9co design pour profiter de l\u2019\u00e9nergie du soleil pour des petits usages quotidien comme r\u00e9chauffer liquides et aliments. Vous trouverez des mod\u00e8les similaires sur <strong><a href=\"https:\/\/www.solarbrother.com\/categorie-produit\/four-barbecue-solaire\/?aff=Romain\">SolarBrother.com<\/a><\/strong> \u00e0 fabriquer vous m\u00eame ou acheter directement.<\/p>\n<p>BibeSol peut \u00eatre utilis\u00e9 pour pr\u00e9parer un caf\u00e9 ou une infusion, des soupes ou du riz.Pour r\u00e9chauffer des rago\u00fbts ou une boite de conserve. Pour pr\u00e9parer un biberon au bain marie ou fondre de la neige, etc. Pour faciliter ces usages, le BibeSol inclut une bouteille noire de 0,5l.<\/p>\n<h2>Un produit utile pour profiter de la vie en plein air<\/h2>\n<p>Le cuiseur solaire a \u00e9t\u00e9 con\u00e7u pour un maximum de praticit\u00e9 et mobilit\u00e9. Il se range une fois d\u00e9mont\u00e9 dans un petit sac en toile qui sert aussi de gant pour manipuler les r\u00e9cipients r\u00e9chauff\u00e9s. Le sac de transport est fabriqu\u00e9 \u00e0 partir de bribes de tissus de tapisserie, c\u2019est pourquoi la couleur peut varier d\u2019un sac \u00e0 l\u2019autre.<\/p>\n<p>Ce mini r\u00e9chaud solaire est ad\u00e9quat pour les personnes qui aiment l\u2019air pur et qui souhaitent une autonomie \u00e9nerg\u00e9tique. Il est d\u00e9sormais possible de jouir de la nature tout en profitant des bont\u00e9s de l\u2019\u00e9nergie solaire. Randonneurs, cyclistes, naturalistes, excursionnistes, pour tr\u00e8s peu de poids peuvent \u00e0 pr\u00e9sent emporter dans leur sac \u00e0 dos le BibeSol pli\u00e9 qui est pr\u00eat \u00e0 l\u2019usage en 2 minutes.<\/p>\n<p>Le thermom\u00e8tre de cire compris dans le pack doit \u00eatre submerg\u00e9 dans le liquide. Quand il atteint la temp\u00e9rature de 65 \u00baC la cire fond et nous indique que nous avons atteint la temp\u00e9rature suffisante pour pasteuriser.<\/p>\n<h2>Un produit solaire artisanal<\/h2>\n<p>Le BibeSol est le r\u00e9sultat du travail de Virginia Bauso, une femme fascin\u00e9e pendant des ann\u00e9es par la cuisson d\u2019aliments gr\u00e2ce \u00e0 l\u2019\u00e9nergie solaire. Le BibeSol est un produit artisanal qui est confectionn\u00e9 dans l\u2019atelier de son propre cr\u00e9ateur.<\/p>\n<p>Il s\u2019agit d\u2019un produit original et id\u00e9al \u00e0 offrir. Il suffit de sortir les pi\u00e8ces du sac, le monter et orienter le r\u00e9flecteur solaire vers le soleil et nous pouvons profiter d\u2019une \u00e9nergie disponible, propre qui nous permet d\u2019\u00e9conomiser symboliquement gaz ou \u00e9lectricit\u00e9 pour de petits usages. C\u2019est un appareil id\u00e9al pour d\u00e9montrer l\u2019int\u00e9r\u00eat de la cuisson solaire.<\/p>\n","protected":false},"excerpt":{"rendered":"<p>Le BibeSol est un mini r\u00e9chaud solaire \u00e9co design pour profiter de l\u2019\u00e9nergie du soleil pour des petits usages quotidien comme [&hellip;]<\/p>\n","protected":false},"author":1,"featured_media":0,"parent":0,"menu_order":0,"comment_status":"closed","ping_status":"closed","template":"","meta":{"footnotes":""},"_links":{"self":[{"href":"https:\/\/www.atlascuisinesolaire.com\/fr\/wp-json\/wp\/v2\/pages\/139"}],"collection":[{"href":"https:\/\/www.atlascuisinesolaire.com\/fr\/wp-json\/wp\/v2\/pages"}],"about":[{"href":"https:\/\/www.atlascuisinesolaire.com\/fr\/wp-json\/wp\/v2\/types\/page"}],"author":[{"embeddable":true,"href":"https:\/\/www.atlascuisinesolaire.com\/fr\/wp-json\/wp\/v2\/users\/1"}],"replies":[{"embeddable":true,"href":"https:\/\/www.atlascuisinesolaire.com\/fr\/wp-json\/wp\/v2\/comments?post=139"}],"version-history":[{"count":4,"href":"https:\/\/www.atlascuisinesolaire.com\/fr\/wp-json\/wp\/v2\/pages\/139\/revisions"}],"predecessor-version":[{"id":614,"href":"https:\/\/www.atlascuisinesolaire.com\/fr\/wp-json\/wp\/v2\/pages\/139\/revisions\/614"}],"wp:attachment":[{"href":"https:\/\/www.atlascuisinesolaire.com\/fr\/wp-json\/wp\/v2\/media?parent=139"}],"curies":[{"name":"wp","href":"https:\/\/api.w.org\/{rel}","templated":true}]}}