{"id":172,"date":"2020-11-09T08:17:31","date_gmt":"2020-11-09T07:17:31","guid":{"rendered":"https:\/\/www.atlascuisinesolaire.com\/fr\/?page_id=172"},"modified":"2025-01-08T10:45:43","modified_gmt":"2025-01-08T09:45:43","slug":"installation-panneau-solaire","status":"publish","type":"page","link":"https:\/\/www.atlascuisinesolaire.com\/fr\/installation-panneau-solaire\/","title":{"rendered":"Installation panneau solaire"},"content":{"rendered":"<h2>Comment fonctionne un panneau solaire<\/h2>\n<p>Il existe deux types de panneaux solaires, le panneau solaire thermique et le panneau solaire photovolta\u00efque.<\/p>\n<p>Le panneau solaire thermique est constitu\u00e9 d&rsquo;\u00e9l\u00e9ments relativement simples: surface m\u00e9tallique recouverte de peinture noire afin d&rsquo;absorber et transformer les rayons du soleil en chaleur; vitres et isolant afin de conserver la chaleur captur\u00e9e puis tuyaux en cuivre ou aluminium afin de transf\u00e9rer la chaleur \u00e0 un fluide porteur qui peut \u00eatre de l&rsquo;eau, de l&rsquo;huile ou bien \u00e9galement de l&rsquo;air.<\/p>\n<p>Le panneau solaire photovolta\u00efque est constitu\u00e9 d&rsquo;\u00e9l\u00e9ments \u00e9lectroniques afin de transformer des rayons du soleil en \u00e9lectricit\u00e9. Il existe de nombreux types de panneau solaire photovolta\u00efques, la majorit\u00e9 d&rsquo;entres eux fonctionnent gr\u00e2ce au silicium mais de plus en plus de mod\u00e8les alternatifs fonctionnant avec d&rsquo;autres \u00e9l\u00e9ments apparaissent sur le march\u00e9. Les taux de conversion en \u00e9lectricit\u00e9 augmentent et les prix diminuent, en 2010 la majorit\u00e9 des panneaux solaires au silicium atteignaient 20% de conversion.<\/p>\n<p>Certains mod\u00e8les fonctionnent \u00e9galement en concentrant la lumi\u00e8re \u00e0 l&rsquo;aide de lentilles Fresnel sur de petites cellules \u00e0 tr\u00e8s haut rendement, atteignant les 35% de conversion en \u00e9lectricit\u00e9.<\/p>\n<p>Si l&rsquo;\u00e9nergie solaire vous int\u00e9resse, nous vous invitons \u00e0 d\u00e9couvrir les produits de cuisson solaire de <a href=\"https:\/\/www.solarbrother.com\/?aff=Romain\">SolarBrother.com<\/a> \ud83d\ude09<\/p>\n","protected":false},"excerpt":{"rendered":"<p>Comment fonctionne un panneau solaire Il existe deux types de panneaux solaires, le panneau solaire thermique et le panneau solaire photovolta\u00efque. [&hellip;]<\/p>\n","protected":false},"author":1,"featured_media":0,"parent":0,"menu_order":0,"comment_status":"closed","ping_status":"closed","template":"","meta":{"footnotes":""},"_links":{"self":[{"href":"https:\/\/www.atlascuisinesolaire.com\/fr\/wp-json\/wp\/v2\/pages\/172"}],"collection":[{"href":"https:\/\/www.atlascuisinesolaire.com\/fr\/wp-json\/wp\/v2\/pages"}],"about":[{"href":"https:\/\/www.atlascuisinesolaire.com\/fr\/wp-json\/wp\/v2\/types\/page"}],"author":[{"embeddable":true,"href":"https:\/\/www.atlascuisinesolaire.com\/fr\/wp-json\/wp\/v2\/users\/1"}],"replies":[{"embeddable":true,"href":"https:\/\/www.atlascuisinesolaire.com\/fr\/wp-json\/wp\/v2\/comments?post=172"}],"version-history":[{"count":3,"href":"https:\/\/www.atlascuisinesolaire.com\/fr\/wp-json\/wp\/v2\/pages\/172\/revisions"}],"predecessor-version":[{"id":600,"href":"https:\/\/www.atlascuisinesolaire.com\/fr\/wp-json\/wp\/v2\/pages\/172\/revisions\/600"}],"wp:attachment":[{"href":"https:\/\/www.atlascuisinesolaire.com\/fr\/wp-json\/wp\/v2\/media?parent=172"}],"curies":[{"name":"wp","href":"https:\/\/api.w.org\/{rel}","templated":true}]}}