{"id":176,"date":"2020-11-14T18:14:35","date_gmt":"2020-11-14T17:14:35","guid":{"rendered":"https:\/\/www.atlascuisinesolaire.com\/fr\/?page_id=176"},"modified":"2020-11-14T18:14:35","modified_gmt":"2020-11-14T17:14:35","slug":"panneau-solaire-thermique","status":"publish","type":"page","link":"https:\/\/www.atlascuisinesolaire.com\/fr\/panneau-solaire-thermique\/","title":{"rendered":"Panneau solaire thermique"},"content":{"rendered":"<h2>D\u00e9finition d&rsquo;un panneau solaire thermique<\/h2>\n<div id=\"attachment_177\" style=\"width: 310px\" class=\"wp-caption alignleft\"><img aria-describedby=\"caption-attachment-177\" decoding=\"async\" loading=\"lazy\" class=\"wp-image-177 size-full\" src=\"https:\/\/www.atlascuisinesolaire.com\/fr\/wp-content\/uploads\/2020\/11\/panneau-solaire-thermique.jpg\" alt=\"panneau solaire thermique\" width=\"300\" height=\"200\" \/><p id=\"caption-attachment-177\" class=\"wp-caption-text\">Installation solaire thermique et photovolta\u00efque pour une maison individuelle. (c) F5ZV Wikipedia.<\/p><\/div>\n<p>Un <strong>panneau solaire thermique est un dispositif con\u00e7u pour recueillir l\u2019\u00e9nergie provenant du soleil<\/strong>, afin de chauffer de l\u2019eau. Les panneaux solaires thermiques sont constitu\u00e9s de<strong> capteurs thermiques, servant ainsi \u00e0 transformer l\u2019\u00e9nergie solaire en chaleur,<\/strong> pour ensuite la transmettre \u00e0 un \u00e9l\u00e9ment caloporteur (air ou fluide).<\/p>\n<p>Ce syst\u00e8me est g\u00e9n\u00e9ralement destin\u00e9 pour des applications \u00e0 basse et moyenne temp\u00e9rature dans le secteur du b\u00e2timent. C&rsquo;est \u00e9galement la technologie utilis\u00e9e dans certains <strong>fours solaires pour la cuisson solaire des aliments<\/strong>.<\/p>\n<h2>Qu\u2019est-ce que l\u2019on entend par \u00e9l\u00e9ment caloporteur d&rsquo;un panneau solaire thermique?<\/h2>\n<p>Par \u00e9l\u00e9ment caloporteur, on entend un fluide charg\u00e9 de transporter la chaleur entre deux ou plusieurs sources de temp\u00e9rature. En r\u00e9f\u00e9rence, l\u2019on peut retrouver ces fluides par exemple au niveau des syst\u00e8mes de refroidissement des moteurs thermiques (moteur d\u2019une voiture, r\u00e9frig\u00e9rateurs, chaudi\u00e8res, climatiseurs, etc.). Bien entendu, les fluides caloporteurs doivent \u00eatre choisis en fonction de leurs propri\u00e9t\u00e9s physico-chimiques (viscosit\u00e9, capacit\u00e9 thermique volumique, chaleur latente de vaporisation, etc.), afin que les syst\u00e8mes qui les utilisent restent performants en toute saison.<\/p>\n<p>Par exemple, le fluide caloporteur utilis\u00e9 dans les v\u00e9hicules ne doit pas geler. C\u2019est pourquoi l\u2019on utilise des liquides de refroidissement sp\u00e9ciaux.<\/p>\n<h2>Quelles sont les applications possibles des panneaux solaires thermiques?<\/h2>\n<p>Comme dit pr\u00e9c\u00e9demment, <strong>les panneaux solaires thermiques peuvent servir \u00e0 diverses applications \u00e0 basse et moyenne temp\u00e9rature dans le secteur du b\u00e2timent.<\/strong> En g\u00e9n\u00e9ral, elles chauffent l\u2019eau pour que les utilisateurs puissent ensuite l\u2019utiliser en tant qu\u2019eau chaude sanitaire, ou dans un syst\u00e8me de chauffage central \u00e0 eau chaude, dans un syst\u00e8me combin\u00e9 associant eau chaude sanitaire et chauffage central, ou encore pour le chauffage de piscines. Mais l\u2019on peut \u00e9galement citer d\u2019autres applications possibles pour les panneaux solaires thermiques, comme le s\u00e9chage en secteur agricole (fourrages, fruits, etc.), ou encore le traitement de d\u00e9chets (boues de station d\u2019\u00e9puration, r\u00e9sidus v\u00e9g\u00e9taux, etc.).<\/p>\n<h3>Un chauffe-eau solaire<\/h3>\n<p>Parmi les applications les plus courantes utilisant des panneaux solaires thermiques, l\u2019on retrouve bien entendu le chauffe-eau solaire qui<strong> permet de produire de l\u2019eau chaude sanitaire<\/strong>. En guise de r\u00e9f\u00e9rence, la pose de 3,5 \u00e0 4,5 m\u00b2 de panneaux solaires thermiques permet de satisfaire 80% des besoins en eau chaude sanitaire d\u2019une famille compos\u00e9e de 2 \u00e0 4 personnes. Actuellement, l\u2019on peut retrouver de nombreux types de chauffe-eau solaires sur le march\u00e9. Et tous pr\u00e9sentent les m\u00eames avantages : quasi-absence de risque de panne car il n\u2019y a pas de pi\u00e8ces m\u00e9caniques ; une tr\u00e8s longue dur\u00e9e de vie avec tr\u00e8s peu d\u2019alt\u00e9ration du rendement ; permettant de profiter d\u2019une source d\u2019\u00e9nergie gratuite, etc.<\/p>\n<h3>Un chauffage solaire<\/h3>\n<p>Outre les chauffe-eau solaires, l\u2019on peut aussi citer le chauffage solaire parmi les applications les plus courantes utilisant les panneaux solaires thermiques. A noter toutefois qu\u2019un <strong>chauffage solaire est g\u00e9n\u00e9ralement coupl\u00e9 \u00e0 votre mode de chauffage traditionnel ou un syst\u00e8me de chauffage d\u2019appoint<\/strong> pour prendre le relais des panneaux solaires thermiques durant l\u2019hiver, notamment dans les zones les moins ensoleill\u00e9es, ou encore pour de tr\u00e8s grandes surfaces \u00e0 chauffer. Actuellement, deux types de chauffage solaire existent : le plancher chauffant et le chauffage central (radiateur).<\/p>\n<p>A souligner que <strong>le syst\u00e8me employant les panneaux solaires thermiques peut fonctionner en \u00e9t\u00e9 comme en hiver<\/strong>, peu importe la temp\u00e9rature ext\u00e9rieure, car il d\u00e9pend du rayonnement solaire. Mais le rendement peut ainsi diminuer en fonction de l\u2019ensoleillement.<\/p>\n","protected":false},"excerpt":{"rendered":"<p>D\u00e9finition d&rsquo;un panneau solaire thermique Un panneau solaire thermique est un dispositif con\u00e7u pour recueillir l\u2019\u00e9nergie provenant du soleil, afin de [&hellip;]<\/p>\n","protected":false},"author":1,"featured_media":0,"parent":0,"menu_order":0,"comment_status":"closed","ping_status":"closed","template":"","meta":{"footnotes":""},"_links":{"self":[{"href":"https:\/\/www.atlascuisinesolaire.com\/fr\/wp-json\/wp\/v2\/pages\/176"}],"collection":[{"href":"https:\/\/www.atlascuisinesolaire.com\/fr\/wp-json\/wp\/v2\/pages"}],"about":[{"href":"https:\/\/www.atlascuisinesolaire.com\/fr\/wp-json\/wp\/v2\/types\/page"}],"author":[{"embeddable":true,"href":"https:\/\/www.atlascuisinesolaire.com\/fr\/wp-json\/wp\/v2\/users\/1"}],"replies":[{"embeddable":true,"href":"https:\/\/www.atlascuisinesolaire.com\/fr\/wp-json\/wp\/v2\/comments?post=176"}],"version-history":[{"count":1,"href":"https:\/\/www.atlascuisinesolaire.com\/fr\/wp-json\/wp\/v2\/pages\/176\/revisions"}],"predecessor-version":[{"id":178,"href":"https:\/\/www.atlascuisinesolaire.com\/fr\/wp-json\/wp\/v2\/pages\/176\/revisions\/178"}],"wp:attachment":[{"href":"https:\/\/www.atlascuisinesolaire.com\/fr\/wp-json\/wp\/v2\/media?parent=176"}],"curies":[{"name":"wp","href":"https:\/\/api.w.org\/{rel}","templated":true}]}}