{"id":179,"date":"2020-11-14T18:19:50","date_gmt":"2020-11-14T17:19:50","guid":{"rendered":"https:\/\/www.atlascuisinesolaire.com\/fr\/?page_id=179"},"modified":"2025-01-08T11:02:45","modified_gmt":"2025-01-08T10:02:45","slug":"energie-solaire-photovoltaique","status":"publish","type":"page","link":"https:\/\/www.atlascuisinesolaire.com\/fr\/energie-solaire-photovoltaique\/","title":{"rendered":"Energie solaire photovoltaique"},"content":{"rendered":"<h2>D\u00e9couverte de l&rsquo;\u00e9nergie solaire photovolta\u00efque<\/h2>\n<p><strong>D\u00e9couverte en 1839 par Alexandre-Edmond Becquerel<\/strong>, l\u2019\u00e9nergie solaire photovolta\u00efque est obtenue par l\u2019utilisation ou par l\u2019exploitation d\u2019une \u00e9nergie renouvelable figurant parmi tant d\u2019autres. Celle-ci utilise le rayonnement solaire, afin de produire de l\u2019\u00e9nergie \u00e9lectrique. Aujourd&rsquo;hui l&rsquo;on trouve des aplications de l&rsquo;\u00e9nergie photovoltaique partout, <strong><a href=\"https:\/\/www.solarbrother.com\/categorie-produit\/chargeur-solaire\/?aff=Romain\">des chargeurs solaires de Solarbrother<\/a> <\/strong>aux fermes solaires connect\u00e9es au r\u00e9seau \u00e9lectrique. L\u2019\u00e9nergie solaire photovolta\u00efque est donc de le fruit de la <strong>conversion de la lumi\u00e8re du soleil en \u00e9lectricit\u00e9<\/strong>, pouvant \u00eatre disponible sous forme d\u2019\u00e9lectricit\u00e9 directe, ou inject\u00e9e dans le r\u00e9seau, ou encore stock\u00e9e en batteries, ce qu\u2019on appelle de l\u2019\u00e9nergie \u00e9lectrique d\u00e9centralis\u00e9e.<\/p>\n<h2>Comment fonctionne l&rsquo;\u00e9nergie solaire photovoltaique?<\/h2>\n<p>Tout d\u2019abord, l\u2019on a la cellule photovolta\u00efque, un composant \u00e9lectronique qui est la base m\u00eame des installations produisant de l\u2019\u00e9nergie solaire photovolta\u00efque. Celle-ci utilise le principe de l\u2019<strong>effet photo\u00e9lectrique<\/strong>. A savoir que de nombreuses cellules sont reli\u00e9es entre elles sur un module solaire photovolta\u00efque, et plusieurs modules sont \u00e9galement regroup\u00e9s afin de former une <strong>installation solaire, produisant de l\u2019\u00e9nergie solaire photovolta\u00efque.<\/strong><\/p>\n<div id=\"attachment_180\" style=\"width: 260px\" class=\"wp-caption alignnone\"><img aria-describedby=\"caption-attachment-180\" decoding=\"async\" loading=\"lazy\" class=\"wp-image-180 size-full\" src=\"https:\/\/www.atlascuisinesolaire.com\/fr\/wp-content\/uploads\/2020\/11\/energie-solaire-photovoltaique.jpg\" alt=\"\u00e9nergie solaire photovolta\u00efque\" width=\"250\" height=\"250\" srcset=\"https:\/\/www.atlascuisinesolaire.com\/fr\/wp-content\/uploads\/2020\/11\/energie-solaire-photovoltaique.jpg 250w, https:\/\/www.atlascuisinesolaire.com\/fr\/wp-content\/uploads\/2020\/11\/energie-solaire-photovoltaique-150x150.jpg 150w\" sizes=\"(max-width: 250px) 100vw, 250px\" \/><p id=\"caption-attachment-180\" class=\"wp-caption-text\"><strong>L&rsquo;\u00e9nergie solaire photovolta\u00efque:<\/strong> Exemple de parc solaire<\/p><\/div>\n<p>La conversion de la lumi\u00e8re du soleil en \u00e9lectricit\u00e9 se fait au sein de <strong>mat\u00e9riaux semi-conducteurs et photosensibles (silicium, cristallin, etc.)<\/strong>. Ces derniers, sous l\u2019influence d\u2019une \u00e9nergie ext\u00e9rieure (le rayonnement solaire), lib\u00e8rent leurs \u00e9lectrons. C\u2019est justement ce que l\u2019on appelle l\u2019<strong>effet photovolta\u00efque<\/strong>. Et les photons qui sont les composants de la lumi\u00e8re, heurtent les \u00e9lectrons pour les lib\u00e9rer, ce qui induit un <strong>courant \u00e9lectrique<\/strong>. Ainsi est obtenue l\u2019\u00e9nergie solaire photovolta\u00efque.<\/p>\n<h2>Comment exploiter l&rsquo;\u00e9nergie photovoltaique<\/h2>\n<p>Comme ce courant \u00e9lectrique est continu, son utilisation diff\u00e8rera ainsi en fonction de l\u2019installation et du but recherch\u00e9 par celle-ci. En premier lieu, l\u2019on a les <strong>installations d\u2019\u00e9nergie solaire photovolta\u00efque qui ne sont pas connect\u00e9es \u00e0 un r\u00e9seau de distribution d\u2019\u00e9lectricit\u00e9<\/strong>. Dans ce cas, ces types d\u2019installations peuvent directement consommer l\u2019\u00e9lectricit\u00e9 produite. En guise de r\u00e9f\u00e9rence, l\u2019on peut citer quelques exemples tels que les calculatrices solaires, les montres solaires, les lampes solaires, et autres gadgets dans le genre. On pourrait aussi parler des petits sites en montagne ou sur des \u00eeles, qui ne sont donc pas raccord\u00e9s au r\u00e9seau \u00e9lectrique.<\/p>\n<p>Autres exemples, on retrouve aussi des voiliers utilisant le m\u00eame principe, des satellites, etc. Mais dans la plupart des cas, ces types d\u2019installations d\u2019\u00e9nergie solaire photovolta\u00efque utilisent des batteries ou des accumulateurs d\u2019\u00e9nergie, qui fourniront par la suite l\u2019\u00e9lectricit\u00e9 en absence de luminosit\u00e9 ou de rayonnement solaire.<\/p>\n<p>En second lieu, l\u2019on retrouve donc les installations d\u2019\u00e9nergie solaire photovolta\u00efque, qui sont <strong>connect\u00e9es \u00e0 un r\u00e9seau de distribution<\/strong>. Mais pour cela, il faut que les installations int\u00e8grent des onduleurs, servant \u00e0 transformer le courant continu en courant alternatif, conforme aux caract\u00e9ristiques du r\u00e9seau. A savoir que ce type d\u2019installation ne requiert pas de syst\u00e8me de stockage (batteries), puisque l\u2019<strong>\u00e9nergie solaire photovolta\u00efque obtenue sera directement consomm\u00e9e par les consommateurs les plus proches<\/strong>, \u00e0 l\u2019instant m\u00eame o\u00f9 celle-ci est produite.<\/p>\n","protected":false},"excerpt":{"rendered":"<p>D\u00e9couverte de l&rsquo;\u00e9nergie solaire photovolta\u00efque D\u00e9couverte en 1839 par Alexandre-Edmond Becquerel, l\u2019\u00e9nergie solaire photovolta\u00efque est obtenue par l\u2019utilisation ou par l\u2019exploitation [&hellip;]<\/p>\n","protected":false},"author":1,"featured_media":0,"parent":0,"menu_order":0,"comment_status":"closed","ping_status":"closed","template":"","meta":{"footnotes":""},"_links":{"self":[{"href":"https:\/\/www.atlascuisinesolaire.com\/fr\/wp-json\/wp\/v2\/pages\/179"}],"collection":[{"href":"https:\/\/www.atlascuisinesolaire.com\/fr\/wp-json\/wp\/v2\/pages"}],"about":[{"href":"https:\/\/www.atlascuisinesolaire.com\/fr\/wp-json\/wp\/v2\/types\/page"}],"author":[{"embeddable":true,"href":"https:\/\/www.atlascuisinesolaire.com\/fr\/wp-json\/wp\/v2\/users\/1"}],"replies":[{"embeddable":true,"href":"https:\/\/www.atlascuisinesolaire.com\/fr\/wp-json\/wp\/v2\/comments?post=179"}],"version-history":[{"count":2,"href":"https:\/\/www.atlascuisinesolaire.com\/fr\/wp-json\/wp\/v2\/pages\/179\/revisions"}],"predecessor-version":[{"id":623,"href":"https:\/\/www.atlascuisinesolaire.com\/fr\/wp-json\/wp\/v2\/pages\/179\/revisions\/623"}],"wp:attachment":[{"href":"https:\/\/www.atlascuisinesolaire.com\/fr\/wp-json\/wp\/v2\/media?parent=179"}],"curies":[{"name":"wp","href":"https:\/\/api.w.org\/{rel}","templated":true}]}}