{"id":182,"date":"2020-11-14T18:24:24","date_gmt":"2020-11-14T17:24:24","guid":{"rendered":"https:\/\/www.atlascuisinesolaire.com\/fr\/?page_id=182"},"modified":"2020-11-14T18:24:24","modified_gmt":"2020-11-14T17:24:24","slug":"capteur-solaire-thermique","status":"publish","type":"page","link":"https:\/\/www.atlascuisinesolaire.com\/fr\/capteur-solaire-thermique\/","title":{"rendered":"Capteur solaire thermique"},"content":{"rendered":"<h2>D\u00e9finition d&rsquo;un capteur solaire thermique<\/h2>\n<p><strong>Un capteur solaire thermique est un dispositif sp\u00e9cialement con\u00e7u pour recueillir l\u2019\u00e9nergie provenant du soleil.<\/strong> Contrairement aux panneaux solaires photovolta\u00efques, utilisant le rayonnement solaire pour produire de l\u2019\u00e9lectricit\u00e9, l<strong>es panneaux solaires thermiques utilisent g\u00e9n\u00e9ralement l\u2019\u00e9nergie solaire pour la restituer sous forme de chaleur<\/strong>. Cela \u00e9tant dit, plusieurs syst\u00e8mes (couple parabole\/moteur Stirling, Fresnel) permettent de produire de l\u2019\u00e9lectricit\u00e9 \u00e0 partir de capteurs thermiques. Mais l\u00e0, on parlerait alors de <strong>\u00ab solaire thermodynamique \u00bb<\/strong>.<\/p>\n<div id=\"attachment_183\" style=\"width: 510px\" class=\"wp-caption alignnone\"><img aria-describedby=\"caption-attachment-183\" decoding=\"async\" loading=\"lazy\" class=\"wp-image-183 size-full\" src=\"https:\/\/www.atlascuisinesolaire.com\/fr\/wp-content\/uploads\/2020\/11\/capteur-solaire-thermique.jpg\" alt=\"capteur solaire thermique\" width=\"500\" height=\"400\" srcset=\"https:\/\/www.atlascuisinesolaire.com\/fr\/wp-content\/uploads\/2020\/11\/capteur-solaire-thermique.jpg 500w, https:\/\/www.atlascuisinesolaire.com\/fr\/wp-content\/uploads\/2020\/11\/capteur-solaire-thermique-300x240.jpg 300w\" sizes=\"(max-width: 500px) 100vw, 500px\" \/><p id=\"caption-attachment-183\" class=\"wp-caption-text\"><strong>Capteur solaire thermique<\/strong> par Stan Zurek<\/p><\/div>\n<p>Un capteur solaire thermique permet donc de recueillir l\u2019\u00e9nergie solaire pour ensuite la transmettre \u00e0 un fluide caloporteur (eau, air, etc.) qui, \u00e0 son tour, transmettra la chaleur obtenue pour diverses applications, g\u00e9n\u00e9ralement \u00e0 basse et moyenne temp\u00e9rature dans le secteur du b\u00e2timent. Comme applications, l\u2019on peut par exemple citer la <strong>production d\u2019eau chaude sanitaire, le chauffage de locaux, le chauffage de piscines<\/strong>, etc. L\u2019on pourrait aussi citer des applications beaucoup plus pouss\u00e9es telles que le s\u00e9chage en secteur agricole (fourrages, fruits, etc.) ou le traitement de d\u00e9chets (r\u00e9sidus v\u00e9g\u00e9taux, etc.).<\/p>\n<p>Par ailleurs, il existe deux grands types de capteurs solaires thermiques, qui s\u2019utiliseront en fonction du type d\u2019application voulue, de la nature de l\u2019\u00e9l\u00e9ment caloporteur, et du niveau de temp\u00e9rature qu\u2019ils permettent d\u2019atteindre. En premier lieu, l\u2019on retrouve les panneaux solaires thermiques \u00e0 air qui, par l\u2019air r\u00e9chauff\u00e9, permettent d\u2019augmenter la temp\u00e9rature de l\u2019air ambiant interne.<\/p>\n<p>En second lieu, l\u2019on retrouve les capteurs solaires thermiques \u00e0 eau, se d\u00e9clinant en trois familles, dont les <strong>capteurs moquette<\/strong> (non-vitr\u00e9s) essentiellement utilis\u00e9s pour le chauffage de l\u2019eau et des piscines ; les <strong>capteurs plans vitr\u00e9s<\/strong>, utilisant tr\u00e8s souvent de l\u2019eau m\u00e9lang\u00e9e \u00e0 un antigel alimentaire (mono-propyl\u00e8ne glycol) ; et les <strong>capteurs \u00e0 tubes sous vides<\/strong>, assurant ainsi une parfaite isolation par l\u2019absence de mol\u00e9cules d\u2019air.<\/p>\n<h2>Utilisation d&rsquo;un capteur solaire thermique<\/h2>\n<p>En principe, l\u2019\u00e9nergie produite par le <a href=\"http:\/\/www.quelleenergie.fr\/solaire\">solaire thermique<\/a> est utilisable en tout temps, <strong>\u00e9t\u00e9 comme hiver<\/strong>, et peu importe la temp\u00e9rature ext\u00e9rieure, car le principe fonctionne par le biais du rayonnement solaire. Ce qui laisse cependant entendre que le rendement des panneaux solaires d\u00e9pendra donc de l\u2019ensoleillement sur le lieu o\u00f9 ils sont install\u00e9s. En g\u00e9n\u00e9ral, l\u2019on couple les capteurs solaires thermiques \u00e0 un syst\u00e8me d\u2019appoint, n\u2019intervenant qu\u2019en cas de consommation exceptionnelle ou d\u2019ensoleillement particuli\u00e8rement faible.<\/p>\n<p>A savoir que <strong>la pose de capteurs solaires thermiques de 3,5 \u00e0 4,5 m\u00b2 permet de satisfaire 80% des besoins en eau chaude sanitaire d\u2019une petite famille compos\u00e9e de 2 \u00e0 4 personnes<\/strong>.<\/p>\n<p>Parmi les plus grands avantages procur\u00e9s par les panneaux solaires thermiques, l\u2019on a tout d\u2019abord le beau geste en faveur de l\u2019environnement, mais aussi de l\u2019\u00e9conomie gagn\u00e9e par l\u2019utilisation d\u2019une source d\u2019\u00e9nergie gratuite, un faible co\u00fbt de maintenance, un investissement durable car les capteurs solaires thermiques ont une dur\u00e9e de vie importante, etc.<\/p>\n","protected":false},"excerpt":{"rendered":"<p>D\u00e9finition d&rsquo;un capteur solaire thermique Un capteur solaire thermique est un dispositif sp\u00e9cialement con\u00e7u pour recueillir l\u2019\u00e9nergie provenant du soleil. Contrairement [&hellip;]<\/p>\n","protected":false},"author":1,"featured_media":0,"parent":0,"menu_order":0,"comment_status":"closed","ping_status":"closed","template":"","meta":{"footnotes":""},"_links":{"self":[{"href":"https:\/\/www.atlascuisinesolaire.com\/fr\/wp-json\/wp\/v2\/pages\/182"}],"collection":[{"href":"https:\/\/www.atlascuisinesolaire.com\/fr\/wp-json\/wp\/v2\/pages"}],"about":[{"href":"https:\/\/www.atlascuisinesolaire.com\/fr\/wp-json\/wp\/v2\/types\/page"}],"author":[{"embeddable":true,"href":"https:\/\/www.atlascuisinesolaire.com\/fr\/wp-json\/wp\/v2\/users\/1"}],"replies":[{"embeddable":true,"href":"https:\/\/www.atlascuisinesolaire.com\/fr\/wp-json\/wp\/v2\/comments?post=182"}],"version-history":[{"count":1,"href":"https:\/\/www.atlascuisinesolaire.com\/fr\/wp-json\/wp\/v2\/pages\/182\/revisions"}],"predecessor-version":[{"id":184,"href":"https:\/\/www.atlascuisinesolaire.com\/fr\/wp-json\/wp\/v2\/pages\/182\/revisions\/184"}],"wp:attachment":[{"href":"https:\/\/www.atlascuisinesolaire.com\/fr\/wp-json\/wp\/v2\/media?parent=182"}],"curies":[{"name":"wp","href":"https:\/\/api.w.org\/{rel}","templated":true}]}}