{"id":185,"date":"2020-11-14T18:31:48","date_gmt":"2020-11-14T17:31:48","guid":{"rendered":"https:\/\/www.atlascuisinesolaire.com\/fr\/?page_id=185"},"modified":"2020-11-14T18:31:48","modified_gmt":"2020-11-14T17:31:48","slug":"rendement-panneau-solaire","status":"publish","type":"page","link":"https:\/\/www.atlascuisinesolaire.com\/fr\/rendement-panneau-solaire\/","title":{"rendered":"Rendement panneau solaire"},"content":{"rendered":"<h2>Le rendement d&rsquo;un panneau solaire<\/h2>\n<p>Si les termes <strong>panneaux solaires<\/strong> sont le plus souvent associ\u00e9s aux <strong>panneaux solaires photovolta\u00efques<\/strong>, ils peuvent \u00e9galement d\u00e9signer des <strong>panneaux solaires thermiques<\/strong>. Il convient donc de faire la diff\u00e9rence entre ces deux types de panneaux solaires, avant de voir le rendement panneau solaire de chacun d\u2019eux.<\/p>\n<h2>Rendement des panneaux solaires thermiques<\/h2>\n<div id=\"attachment_177\" style=\"width: 310px\" class=\"wp-caption alignleft\"><img aria-describedby=\"caption-attachment-177\" decoding=\"async\" loading=\"lazy\" class=\"wp-image-177 size-full\" src=\"https:\/\/www.atlascuisinesolaire.com\/fr\/wp-content\/uploads\/2020\/11\/panneau-solaire-thermique.jpg\" alt=\"rendement panneau solaire\" width=\"300\" height=\"200\" \/><p id=\"caption-attachment-177\" class=\"wp-caption-text\">Le rendement d&rsquo;une installation de panneaux solaires thermiques et photovolta\u00efque peut permettre de subvenir aux besoins en chauffage et \u00e9lectricit\u00e9 d&rsquo;une maison individuelle. (c) F5ZV Wikipedia.<\/p><\/div>\n<p>Les panneaux solaires thermiques sont des dispositifs servant \u00e0 recueillir l\u2019\u00e9nergie provenant du soleil, et \u00e0 transmettre celle-ci \u00e0 un fluide caloporteur. Les applications possibles sont diverses, de l\u2019augmentation de la temp\u00e9rature de l\u2019air ambiant interne au chauffage de l\u2019eau sanitaire d\u2019un b\u00e2timent, etc.<\/p>\n<p>Pour le <strong>rendement d&rsquo;un panneau solaire<\/strong>, on peut dire en guise de r\u00e9f\u00e9rence que <strong>la pose de panneaux solaires thermiques de 3,5 \u00e0 4,5 m\u00b2 permet de satisfaire 80% des besoins en eau chaude sanitaire d\u2019une famille de 2 \u00e0 4 personnes<\/strong>.<\/p>\n<p>Une grande installation en <strong>chauffage solaire<\/strong> (panneaux solaires thermiques) peut permettre de subvenir suivant la r\u00e9gion (France m\u00e9tropolitaine) <strong>entre 50 et 80% des besoins d&rsquo;une maison individuelle.<\/strong><\/p>\n<h2>Rendement des panneaux solaires photovolta\u00efques<\/h2>\n<p>Les panneaux solaires photovolta\u00efques sont des g\u00e9n\u00e9rateurs \u00e9lectriques de courant continu gr\u00e2ce au rayonnement solaire. Ce courant peut d\u00e9j\u00e0 \u00eatre utilis\u00e9 par de nombreux dispositifs tels que les calculatrices solaires, les montres, les lampes solaires, etc. Mais ce courant continu peut aussi \u00eatre transform\u00e9 par la suite en courant alternatif par un onduleur. Concernant le rendement du panneau solaire, cela d\u00e9pendra beaucoup du <strong>type de panneau solaire utilis\u00e9, mais aussi de l\u2019ensoleillement et\/ou du rayonnement solaire<\/strong>.<\/p>\n<p>A savoir que:<\/p>\n<ul>\n<li>Si le panneau utilise des <strong>cellules monocristallines, le rendement est assez \u00e9lev\u00e9, entre 12 et 16%<\/strong>. Mais cette technologie reste plut\u00f4t co\u00fbteuse.<\/li>\n<li>Si le panneau utilise des <strong>cellules poly-cristallines, le rendement varie entre 10 et 13%<\/strong>. Mais cette technologie de production est plus facile, et le co\u00fbt est moins \u00e9lev\u00e9.<\/li>\n<li>Si le panneau utilise du <strong>silicium amorphe,<\/strong> la moins ch\u00e8re de toutes. Mais le <strong>rendement du panneau solaire est tr\u00e8s faible<\/strong>, et ne d\u00e9passe pas les 10%.<\/li>\n<\/ul>\n<p>Pour r\u00e9sumer en une phrase, les panneaux solaires repr\u00e9sentent une technologie particuli\u00e8rement int\u00e9ressante \u00e0 plusieurs niveaux, mais il faut \u00e9galement en conna\u00eetre ses limites, qui restent trop souvent ignor\u00e9es par bon nombre d\u2019utilisateurs.<\/p>\n","protected":false},"excerpt":{"rendered":"<p>Le rendement d&rsquo;un panneau solaire Si les termes panneaux solaires sont le plus souvent associ\u00e9s aux panneaux solaires photovolta\u00efques, ils peuvent [&hellip;]<\/p>\n","protected":false},"author":1,"featured_media":0,"parent":0,"menu_order":0,"comment_status":"closed","ping_status":"closed","template":"","meta":{"footnotes":""},"_links":{"self":[{"href":"https:\/\/www.atlascuisinesolaire.com\/fr\/wp-json\/wp\/v2\/pages\/185"}],"collection":[{"href":"https:\/\/www.atlascuisinesolaire.com\/fr\/wp-json\/wp\/v2\/pages"}],"about":[{"href":"https:\/\/www.atlascuisinesolaire.com\/fr\/wp-json\/wp\/v2\/types\/page"}],"author":[{"embeddable":true,"href":"https:\/\/www.atlascuisinesolaire.com\/fr\/wp-json\/wp\/v2\/users\/1"}],"replies":[{"embeddable":true,"href":"https:\/\/www.atlascuisinesolaire.com\/fr\/wp-json\/wp\/v2\/comments?post=185"}],"version-history":[{"count":1,"href":"https:\/\/www.atlascuisinesolaire.com\/fr\/wp-json\/wp\/v2\/pages\/185\/revisions"}],"predecessor-version":[{"id":186,"href":"https:\/\/www.atlascuisinesolaire.com\/fr\/wp-json\/wp\/v2\/pages\/185\/revisions\/186"}],"wp:attachment":[{"href":"https:\/\/www.atlascuisinesolaire.com\/fr\/wp-json\/wp\/v2\/media?parent=185"}],"curies":[{"name":"wp","href":"https:\/\/api.w.org\/{rel}","templated":true}]}}