{"id":187,"date":"2020-11-14T18:36:53","date_gmt":"2020-11-14T17:36:53","guid":{"rendered":"https:\/\/www.atlascuisinesolaire.com\/fr\/?page_id=187"},"modified":"2020-11-14T18:36:53","modified_gmt":"2020-11-14T17:36:53","slug":"pose-panneaux-solaires-photovoltaiques-et-thermiques","status":"publish","type":"page","link":"https:\/\/www.atlascuisinesolaire.com\/fr\/pose-panneaux-solaires-photovoltaiques-et-thermiques\/","title":{"rendered":"Pose panneaux solaires (photovolta\u00efques et thermiques)"},"content":{"rendered":"<h2>La pose de panneaux solaires<\/h2>\n<div id=\"attachment_188\" style=\"width: 646px\" class=\"wp-caption alignnone\"><img aria-describedby=\"caption-attachment-188\" decoding=\"async\" loading=\"lazy\" class=\"wp-image-188 size-full\" src=\"https:\/\/www.atlascuisinesolaire.com\/fr\/wp-content\/uploads\/2020\/11\/pose-solaire-photovoltaique.jpg\" alt=\"\" width=\"636\" height=\"413\" srcset=\"https:\/\/www.atlascuisinesolaire.com\/fr\/wp-content\/uploads\/2020\/11\/pose-solaire-photovoltaique.jpg 636w, https:\/\/www.atlascuisinesolaire.com\/fr\/wp-content\/uploads\/2020\/11\/pose-solaire-photovoltaique-300x195.jpg 300w\" sizes=\"(max-width: 636px) 100vw, 636px\" \/><p id=\"caption-attachment-188\" class=\"wp-caption-text\">Pose de panneaux solaires photovolta\u00efques<\/p><\/div>\n<p>Avant de parler de pose de panneaux solaires, il convient de faire la diff\u00e9rence entre les <strong>panneaux solaires thermiques<\/strong> et les <strong>panneaux solaires photovolta\u00efques<\/strong> (PV).<\/p>\n<p>Les premiers <strong>pi\u00e8gent la chaleur du rayonnement solaire et la transf\u00e8rent \u00e0 un fluide caloporteur<\/strong>, suivant le m\u00eame proc\u00e9d\u00e9 que celui d&rsquo;une douche solaire. Plus efficients et rentables que les panneaux solaires photovolta\u00efques, ils sont accessibles \u00e0 un prix beaucoup moins \u00e9lev\u00e9 et un rendement de pr\u00e8s de 50% sur l\u2019installation totale. Cela \u00e9tant dit, l\u2019\u00e9nergie r\u00e9cup\u00e9r\u00e9e est obtenue sous une forme de moindre valeur telle que l\u2019eau chaude sanitaire, au lieu de l\u2019\u00e9lectricit\u00e9. Quant aux panneaux solaires photovolta\u00efques, ils <strong>convertissent la lumi\u00e8re du soleil en \u00e9lectricit\u00e9<\/strong>.<\/p>\n<p>Mais dans les deux cas, l<strong>a pose de panneaux solaires<\/strong> est quasiment similaire : <strong>sur le toit<\/strong> (la meilleure solution), <strong>au sol, en fa\u00e7ade ou en pignon<\/strong> (encombrant, inesth\u00e9tique et moins rentable), ou encore <strong>en auvent<\/strong> (plus esth\u00e9tique, moins de surface exploitable).<\/p>\n<p>Dans les deux cas, la pose panneaux solaires n\u00e9cessite aussi le bon compromis entre la n\u00e9cessit\u00e9 de maximiser le rendement du panneau solaire, les contraintes architecturales de l\u2019habitation, et le souci esth\u00e9tique. En g\u00e9n\u00e9ral, la pose panneaux solaires se fait sur le toit, <strong>soit en surimposition (par-dessus la toiture) ou par int\u00e9gration (le panneau solaire remplace tout ou partie de la toiture).<\/strong><\/p>\n<p>A savoir que si vous voulez revendre l\u2019\u00e9lectricit\u00e9 (dans le cas de panneaux solaires photovolta\u00efques), vous b\u00e9n\u00e9ficierez de meilleurs prix et subventions avec l\u2019int\u00e9gration.<\/p>\n<p>Ensuite, concernant la pose de panneaux solaires proprement dite, le mieux sera toujours de faire appel \u00e0 un professionnel en la mati\u00e8re, pour optimiser le rendement de l\u2019installation. Il faut aussi savoir que, dans le cas o\u00f9 vous optez pour une pose panneaux solaires par soi-m\u00eame, vous ne b\u00e9n\u00e9ficierez plus du cr\u00e9dit d\u2019imp\u00f4t de 30% sur le co\u00fbt total, il faudra qu\u2019EDF accepte de raccorder votre installation au r\u00e9seau (dans le cas d\u2019un PV), et que les Architectes des b\u00e2timents de France vous accordent leur autorisation.<\/p>\n<div id=\"attachment_189\" style=\"width: 621px\" class=\"wp-caption alignnone\"><img aria-describedby=\"caption-attachment-189\" decoding=\"async\" loading=\"lazy\" class=\"wp-image-189 size-full\" src=\"https:\/\/www.atlascuisinesolaire.com\/fr\/wp-content\/uploads\/2020\/11\/pose-solaire-thermique.jpg\" alt=\"\" width=\"611\" height=\"429\" srcset=\"https:\/\/www.atlascuisinesolaire.com\/fr\/wp-content\/uploads\/2020\/11\/pose-solaire-thermique.jpg 611w, https:\/\/www.atlascuisinesolaire.com\/fr\/wp-content\/uploads\/2020\/11\/pose-solaire-thermique-300x211.jpg 300w\" sizes=\"(max-width: 611px) 100vw, 611px\" \/><p id=\"caption-attachment-189\" class=\"wp-caption-text\">Pose de panneaux solaires thermiques<\/p><\/div>\n<p>En effet,<strong> la pose panneaux solaires doit \u00eatre pr\u00e9c\u00e9d\u00e9e d\u2019une d\u00e9claration de travaux<\/strong>. Cela \u00e9tant dit, l\u2019on commence \u00e0 retrouver de plus en plus de \u00ab kit maisons \u00bb \u00e0 installer soi-m\u00eame sur le march\u00e9, surtout pour le thermique.<\/p>\n","protected":false},"excerpt":{"rendered":"<p>La pose de panneaux solaires Avant de parler de pose de panneaux solaires, il convient de faire la diff\u00e9rence entre les [&hellip;]<\/p>\n","protected":false},"author":1,"featured_media":0,"parent":0,"menu_order":0,"comment_status":"closed","ping_status":"closed","template":"","meta":{"footnotes":""},"_links":{"self":[{"href":"https:\/\/www.atlascuisinesolaire.com\/fr\/wp-json\/wp\/v2\/pages\/187"}],"collection":[{"href":"https:\/\/www.atlascuisinesolaire.com\/fr\/wp-json\/wp\/v2\/pages"}],"about":[{"href":"https:\/\/www.atlascuisinesolaire.com\/fr\/wp-json\/wp\/v2\/types\/page"}],"author":[{"embeddable":true,"href":"https:\/\/www.atlascuisinesolaire.com\/fr\/wp-json\/wp\/v2\/users\/1"}],"replies":[{"embeddable":true,"href":"https:\/\/www.atlascuisinesolaire.com\/fr\/wp-json\/wp\/v2\/comments?post=187"}],"version-history":[{"count":1,"href":"https:\/\/www.atlascuisinesolaire.com\/fr\/wp-json\/wp\/v2\/pages\/187\/revisions"}],"predecessor-version":[{"id":190,"href":"https:\/\/www.atlascuisinesolaire.com\/fr\/wp-json\/wp\/v2\/pages\/187\/revisions\/190"}],"wp:attachment":[{"href":"https:\/\/www.atlascuisinesolaire.com\/fr\/wp-json\/wp\/v2\/media?parent=187"}],"curies":[{"name":"wp","href":"https:\/\/api.w.org\/{rel}","templated":true}]}}