{"id":191,"date":"2020-11-14T18:40:26","date_gmt":"2020-11-14T17:40:26","guid":{"rendered":"https:\/\/www.atlascuisinesolaire.com\/fr\/?page_id=191"},"modified":"2020-11-14T18:40:26","modified_gmt":"2020-11-14T17:40:26","slug":"panneau-solaire-prix","status":"publish","type":"page","link":"https:\/\/www.atlascuisinesolaire.com\/fr\/panneau-solaire-prix\/","title":{"rendered":"Panneau solaire prix"},"content":{"rendered":"<h2>Prix des panneaux solaires<\/h2>\n<p>Tout d\u2019abord, il convient de distinguer deux types de panneau solaire. En premier lieu, l\u2019on retrouve le panneau solaire photovolta\u00efque, qui est un g\u00e9n\u00e9rateur \u00e9lectrique de courant continu. Et en second lieu, l\u2019on retrouve le panneau solaire thermique, con\u00e7u pour recueillir l\u2019\u00e9nergie provenant du soleil sous forme de chaleur, pour ainsi chauffer l\u2019eau pour diverses applications (eau chaude sanitaire, chauffage de locaux, chauffage de piscines, etc.).<\/p>\n<p>Concernant <strong>le prix d\u2019un panneau solaire, il peut varier en fonction que le panneau soit photovolta\u00efque ou thermique.<\/strong> A part cela, le prix d&rsquo;une installation de panneaux solaires peut aussi fortement varier en fonction du nombre de personnes vivant dans le foyer et qui vont profiter des \u00e9nergies solaires, car de cela d\u00e9pendra le nombre de panneau solaire \u00e0 mettre en place, et donc le prix \u00e0 pr\u00e9voir.<\/p>\n<h2>Les prix des panneaux au m\u00e8tre carr\u00e9<\/h2>\n<div id=\"attachment_192\" style=\"width: 260px\" class=\"wp-caption alignnone\"><img aria-describedby=\"caption-attachment-192\" decoding=\"async\" loading=\"lazy\" class=\"wp-image-192 size-full\" src=\"https:\/\/www.atlascuisinesolaire.com\/fr\/wp-content\/uploads\/2020\/11\/panneau-solaire-prix.jpg\" alt=\"panneau solaire prix\" width=\"250\" height=\"250\" srcset=\"https:\/\/www.atlascuisinesolaire.com\/fr\/wp-content\/uploads\/2020\/11\/panneau-solaire-prix.jpg 250w, https:\/\/www.atlascuisinesolaire.com\/fr\/wp-content\/uploads\/2020\/11\/panneau-solaire-prix-150x150.jpg 150w\" sizes=\"(max-width: 250px) 100vw, 250px\" \/><p id=\"caption-attachment-192\" class=\"wp-caption-text\">Panneau solaire: Prix au m\u00e8tre carr\u00e9 et calcul du co\u00fbt d&rsquo;une installation.<\/p><\/div>\n<p>En r\u00e9f\u00e9rence, il faut compter au minimum <strong>3 \u00e0 5 m\u00b2 par personne pour les panneaux solaires photovolta\u00efques, qui coutent pr\u00e8s de 1 000 euros par m\u00e8tre carr\u00e9. Par contre, un m\u00e8tre carr\u00e9 de panneau solaire thermique coute entre 150 et 200 euros.<\/strong><\/p>\n<p>Et en r\u00e9f\u00e9rence, 2 m\u00b2 de panneaux solaires thermiques permettent de chauffer entre 200 et 300 litres d\u2019eau ou une piscine de 30m\u00b2 ; et <strong>3,5 \u00e0 4,5 m\u00b2 permettent de satisfaire 80% des besoins en eau chaude sanitaire d\u2019une famille de 2 \u00e0 4 personnes.<\/strong><\/p>\n<p>Ensuite, l\u2019on doit \u00e9galement tenir compte du co\u00fbt de la pose du mat\u00e9riel. A savoir que l\u2019installation des panneaux solaires devra \u00eatre faite par un professionnel agr\u00e9\u00e9. Toutefois, vous pourrez profiter de la concurrence, car de nombreux professionnels existent sur le march\u00e9. Il peut donc \u00eatre int\u00e9ressant de demander des devis aupr\u00e8s de nombreux installateurs, pour rechercher un <a href=\"http:\/\/www.quelleenergie.fr\/economies-energie\/panneaux-solaires-photovoltaiques\/prix-economies\">panneau solaire prix<\/a> convenable.<\/p>\n<h2>Les aides et subventions pour all\u00e9ger le prix des panneaux solaires<\/h2>\n<p>Et enfin, l\u2019on retrouve les diverses aides fiscales et subventions susceptibles d\u2019entrer en jeu pour <strong>all\u00e9ger le prix du panneau solaire.<\/strong> Il en existe plusieurs pour all\u00e9ger le prix du panneau solaire: l\u2019on retrouve entres autres une subvention de 900 euros en moyenne, qui existe pour chaque r\u00e9gion, mais qui peut varier d\u2019une r\u00e9gion \u00e0 une autre. L\u2019on peut aussi citer le cr\u00e9dit d\u2019imp\u00f4t repr\u00e9sentant en g\u00e9n\u00e9ral les 2\/3 de la base du co\u00fbt des panneaux solaires hors pose.<\/p>\n<p>En plus de cela, il ne faut pas oublier que, une fois l\u2019investissement pass\u00e9,<strong> les panneaux solaires sont fiables et ne demandent relativement pas d\u2019entretien<\/strong> ; que vous profiterez ainsi d\u2019une source d\u2019\u00e9nergie gratuite, ce qui fera place \u00e0 une certaine \u00e9conomie ; et le plus important de tous, que vous effectuez l\u00e0 un beau geste environnemental.<\/p>\n","protected":false},"excerpt":{"rendered":"<p>Prix des panneaux solaires Tout d\u2019abord, il convient de distinguer deux types de panneau solaire. En premier lieu, l\u2019on retrouve le [&hellip;]<\/p>\n","protected":false},"author":1,"featured_media":0,"parent":0,"menu_order":0,"comment_status":"closed","ping_status":"closed","template":"","meta":{"footnotes":""},"_links":{"self":[{"href":"https:\/\/www.atlascuisinesolaire.com\/fr\/wp-json\/wp\/v2\/pages\/191"}],"collection":[{"href":"https:\/\/www.atlascuisinesolaire.com\/fr\/wp-json\/wp\/v2\/pages"}],"about":[{"href":"https:\/\/www.atlascuisinesolaire.com\/fr\/wp-json\/wp\/v2\/types\/page"}],"author":[{"embeddable":true,"href":"https:\/\/www.atlascuisinesolaire.com\/fr\/wp-json\/wp\/v2\/users\/1"}],"replies":[{"embeddable":true,"href":"https:\/\/www.atlascuisinesolaire.com\/fr\/wp-json\/wp\/v2\/comments?post=191"}],"version-history":[{"count":1,"href":"https:\/\/www.atlascuisinesolaire.com\/fr\/wp-json\/wp\/v2\/pages\/191\/revisions"}],"predecessor-version":[{"id":193,"href":"https:\/\/www.atlascuisinesolaire.com\/fr\/wp-json\/wp\/v2\/pages\/191\/revisions\/193"}],"wp:attachment":[{"href":"https:\/\/www.atlascuisinesolaire.com\/fr\/wp-json\/wp\/v2\/media?parent=191"}],"curies":[{"name":"wp","href":"https:\/\/api.w.org\/{rel}","templated":true}]}}