{"id":194,"date":"2020-11-14T18:43:27","date_gmt":"2020-11-14T17:43:27","guid":{"rendered":"https:\/\/www.atlascuisinesolaire.com\/fr\/?page_id=194"},"modified":"2020-11-14T18:43:27","modified_gmt":"2020-11-14T17:43:27","slug":"fabricant-panneaux-solaires","status":"publish","type":"page","link":"https:\/\/www.atlascuisinesolaire.com\/fr\/fabricant-panneaux-solaires\/","title":{"rendered":"Fabricant panneaux solaires"},"content":{"rendered":"<h2>Les fabricants de panneaux solaires<\/h2>\n<div id=\"attachment_195\" style=\"width: 260px\" class=\"wp-caption alignleft\"><img aria-describedby=\"caption-attachment-195\" decoding=\"async\" loading=\"lazy\" class=\"wp-image-195 size-full\" src=\"https:\/\/www.atlascuisinesolaire.com\/fr\/wp-content\/uploads\/2020\/11\/fabricant-panneaux-solaires.jpg\" alt=\"fabricant de panneaux solaires\" width=\"250\" height=\"350\" srcset=\"https:\/\/www.atlascuisinesolaire.com\/fr\/wp-content\/uploads\/2020\/11\/fabricant-panneaux-solaires.jpg 250w, https:\/\/www.atlascuisinesolaire.com\/fr\/wp-content\/uploads\/2020\/11\/fabricant-panneaux-solaires-214x300.jpg 214w\" sizes=\"(max-width: 250px) 100vw, 250px\" \/><p id=\"caption-attachment-195\" class=\"wp-caption-text\">Fabricant de panneaux solaires: Exemple de panneau solaire en lieu isol\u00e9.<\/p><\/div>\n<p>Choisir son fabricant panneau solaire est une t\u00e2che plus ou moins compliqu\u00e9e. En effet, si auparavant, il n\u2019existait qu\u2019une poign\u00e9e de fabricant panneau solaire,<strong> l\u2019offre des fabricants et installateurs continue de se multiplier<\/strong>, notamment depuis que le Grenelle de l\u2019Environnement a \u00e9t\u00e9 mis en place en 2007, et depuis que la demande d\u2019installation de panneaux solaires ne cesse de cro\u00eetre chez les particuliers.<\/p>\n<p>Cela \u00e9tant dit, le nombre de fabricant de panneau solaire en France reste encore assez r\u00e9duit. Plus pr\u00e9cis\u00e9ment, seules <strong>quelques soci\u00e9t\u00e9s fran\u00e7aises fabriquent elles m\u00eames leurs propres panneaux solaires<\/strong>, certaines soci\u00e9t\u00e9s fabriquent elles m\u00eames la plupart de leurs \u00e9l\u00e9ments, et d\u2019autres fabricants panneaux solaires se contentent d\u2019assembler des \u00e9l\u00e9ments, en achetant tel ou tel onduleur, cadre et cellules photovolta\u00efques pour ensuite m\u00e9langer le tout. Ce qui explique de <strong>fortes disparit\u00e9s au niveau des offres et prestations retrouv\u00e9es sur le march\u00e9.<\/strong><\/p>\n<h2>A savoir concernant les fabricants panneaux solaires<\/h2>\n<p>Dans la pratique, <strong>le choix du panneau a tr\u00e8s peu d\u2019impact au niveau de la productivit\u00e9 d\u2019une installation.<\/strong> En effet, les diff\u00e9rences de performances sont relativement faibles si l\u2019on compare les panneaux haut de gamme et les panneaux bas de gamme, car ce sont plut\u00f4t le <strong>niveau de l\u2019ensoleillement re\u00e7u et la qualit\u00e9 de l\u2019installation qui ont le plus grand impact au niveau de la productivit\u00e9.<\/strong><\/p>\n<p>Cela ne veut en aucun cas dire qu\u2019il faut se tourner syst\u00e9matiquement vers le bas de gamme. Au contraire, il faut privil\u00e9gier les fabricants panneaux solaires ayant obtenu des <strong>labels tels que le Qualisol, pour les panneaux solaires thermiques, et QualiPV pour les panneaux solaires photovolta\u00efques<\/strong>, afin de garantir la qualit\u00e9, la maintenance, la simplicit\u00e9 des d\u00e9marches, ou encore la comp\u00e9tence des installateurs.<\/p>\n<p>Par ailleurs, comme les fabricants panneaux solaires ainsi que leurs offres sont particuli\u00e8rement vari\u00e9s, il sera toujours conseill\u00e9 de <strong>demander un devis personnalis\u00e9 aupr\u00e8s de plusieurs fabricants panneaux solaires et\/ou installateurs<\/strong>, pour comparer les prix et les prestations fournies, et pour b\u00e9n\u00e9ficier d\u2019un meilleur rapport qualit\u00e9\/prix.<\/p>\n","protected":false},"excerpt":{"rendered":"<p>Les fabricants de panneaux solaires Choisir son fabricant panneau solaire est une t\u00e2che plus ou moins compliqu\u00e9e. En effet, si auparavant, [&hellip;]<\/p>\n","protected":false},"author":1,"featured_media":0,"parent":0,"menu_order":0,"comment_status":"closed","ping_status":"closed","template":"","meta":{"footnotes":""},"_links":{"self":[{"href":"https:\/\/www.atlascuisinesolaire.com\/fr\/wp-json\/wp\/v2\/pages\/194"}],"collection":[{"href":"https:\/\/www.atlascuisinesolaire.com\/fr\/wp-json\/wp\/v2\/pages"}],"about":[{"href":"https:\/\/www.atlascuisinesolaire.com\/fr\/wp-json\/wp\/v2\/types\/page"}],"author":[{"embeddable":true,"href":"https:\/\/www.atlascuisinesolaire.com\/fr\/wp-json\/wp\/v2\/users\/1"}],"replies":[{"embeddable":true,"href":"https:\/\/www.atlascuisinesolaire.com\/fr\/wp-json\/wp\/v2\/comments?post=194"}],"version-history":[{"count":1,"href":"https:\/\/www.atlascuisinesolaire.com\/fr\/wp-json\/wp\/v2\/pages\/194\/revisions"}],"predecessor-version":[{"id":196,"href":"https:\/\/www.atlascuisinesolaire.com\/fr\/wp-json\/wp\/v2\/pages\/194\/revisions\/196"}],"wp:attachment":[{"href":"https:\/\/www.atlascuisinesolaire.com\/fr\/wp-json\/wp\/v2\/media?parent=194"}],"curies":[{"name":"wp","href":"https:\/\/api.w.org\/{rel}","templated":true}]}}