{"id":238,"date":"2020-11-15T14:45:22","date_gmt":"2020-11-15T13:45:22","guid":{"rendered":"https:\/\/www.atlascuisinesolaire.com\/fr\/?page_id=238"},"modified":"2025-01-08T10:51:45","modified_gmt":"2025-01-08T09:51:45","slug":"fiche-de-la-parabole-solaire-alsol-1-4","status":"publish","type":"page","link":"https:\/\/www.atlascuisinesolaire.com\/fr\/fiche-de-la-parabole-solaire-alsol-1-4\/","title":{"rendered":"Fiche de la parabole solaire Alsol 1.4"},"content":{"rendered":"<div id=\"attachment_242\" style=\"width: 410px\" class=\"wp-caption alignleft\"><a href=\"https:\/\/www.solarbrother.com\/categorie-produit\/four-barbecue-solaire\/?aff=Romain\"><img aria-describedby=\"caption-attachment-242\" decoding=\"async\" loading=\"lazy\" class=\"wp-image-242 size-full\" src=\"https:\/\/www.atlascuisinesolaire.com\/fr\/wp-content\/uploads\/2020\/11\/Alsol1.jpg\" alt=\"Parabole solaire Alsol\" width=\"400\" height=\"400\" srcset=\"https:\/\/www.atlascuisinesolaire.com\/fr\/wp-content\/uploads\/2020\/11\/Alsol1.jpg 400w, https:\/\/www.atlascuisinesolaire.com\/fr\/wp-content\/uploads\/2020\/11\/Alsol1-150x150.jpg 150w, https:\/\/www.atlascuisinesolaire.com\/fr\/wp-content\/uploads\/2020\/11\/Alsol1-300x300.jpg 300w\" sizes=\"(max-width: 400px) 100vw, 400px\" \/><\/a><p id=\"caption-attachment-242\" class=\"wp-caption-text\">Four solaire parabolique semblable aux modeles de barbecues solaires.<\/p><\/div>\n<h2>Description de la parabole solaire<\/h2>\n<p>L\u2019alSol 1.4 est le r\u00e9sultat de 20 ans de d\u00e9veloppement de cuisini\u00e8res solaires paraboliques \u00e0 usage domestique. Ce mod\u00e8le de parabole solaire avec miroir parabolique solaire porte \u00e9galement le nom de barbecue solaire ou four solaire parabolique. Des mod\u00e8les de ce type sont en vente sur\u00a0<a href=\"https:\/\/www.solarbrother.com\/categorie-produit\/four-barbecue-solaire\/?aff=Romain\"><strong>SolarBrother.com<\/strong><\/a>.<\/p>\n<p>L&rsquo;alSol 1.4 fut d\u00e9velopp\u00e9e par Climate Interchange en Allemagne et est aujourd\u2019hui mise \u00e0 la disposition exclusive de l\u2019entreprise alSol tecnolog\u00edas solares s.l.<\/p>\n<p>L\u2019alSol 1.4 incorpore l\u2019aluminium comme mat\u00e9riau de base de son \u00e9co design, il est d\u2019un apport technique pr\u00e9cieux et enti\u00e8rement recyclable.<\/p>\n<p>L\u2019aluminium r\u00e9fl\u00e9chissant qui \u00e9quipe l\u2019alSol 1.4 est un produit innovant de l\u2019industrie de l\u2019aluminium: Solar Surface de Alcan, qui lui permet une tr\u00e8s longue dur\u00e9e de vie d\u2019utilisation.<br \/>\nTous les composants qui forment la parabole solaire alSol 1.4 ont \u00e9t\u00e9 s\u00e9lectionn\u00e9s \u00e0 partir de crit\u00e8res de production industriels locaux et respectueux de l\u2019environnement.<\/p>\n<p>La parabole solaire alSol 1.4 est produite int\u00e9gralement en Catalogne, Espagne, Europe, participant aux plus rigoureux contr\u00f4les de qualit\u00e9 sociale et environnementale.<\/p>\n<h3>Caract\u00e9ristiques g\u00e9n\u00e9rales alSol 1.4<\/h3>\n<ol>\n<li>emball\u00e9 dans une boite en carton plat et r\u00e9utilisable<\/li>\n<li>concept innovant de \u201cm\u00e9cano solaire\u201d<\/li>\n<li>facile \u00e0 monter en environs deux heures et \u00e0 d\u00e9monter partiellement en 30 minutes<\/li>\n<li>facile \u00e0 entretenir et \u00e0 ranger<\/li>\n<li>structure en aluminium brut et r\u00e9flecteurs en aluminium haute r\u00e9flexion<\/li>\n<li>multiples utilisations envisageables: cuisiner, frire, enfourner\u2026<\/li>\n<li>capacit\u00e9 jusqu\u2019\u00e0 12 personnes<\/li>\n<\/ol>\n<h3>Contenu de la boite<\/h3>\n<ol>\n<li>toutes les pi\u00e8ces de la structure et du r\u00e9flecteur pr\u00e9d\u00e9coup\u00e9es et pr\u00eates \u00e0 l\u2019assemblage<\/li>\n<li>boulons, \u00e9crous et autres composants en sac (biopolym\u00e8res)<\/li>\n<li>2 clefs de montage exclusives<\/li>\n<li>1 cuill\u00e8re en bois (FSC)<\/li>\n<li>1 dessous de plat multi usages<\/li>\n<li>livre sur la cuisine solaire avec conseils et recettes<\/li>\n<li>manuel de montage (papier recycl\u00e9) 8. cd-rom de cours sur la cuisine solaire (contenu multilingue)<\/li>\n<\/ol>\n","protected":false},"excerpt":{"rendered":"<p>Description de la parabole solaire L\u2019alSol 1.4 est le r\u00e9sultat de 20 ans de d\u00e9veloppement de cuisini\u00e8res solaires paraboliques \u00e0 usage [&hellip;]<\/p>\n","protected":false},"author":1,"featured_media":0,"parent":0,"menu_order":0,"comment_status":"open","ping_status":"closed","template":"","meta":{"footnotes":""},"_links":{"self":[{"href":"https:\/\/www.atlascuisinesolaire.com\/fr\/wp-json\/wp\/v2\/pages\/238"}],"collection":[{"href":"https:\/\/www.atlascuisinesolaire.com\/fr\/wp-json\/wp\/v2\/pages"}],"about":[{"href":"https:\/\/www.atlascuisinesolaire.com\/fr\/wp-json\/wp\/v2\/types\/page"}],"author":[{"embeddable":true,"href":"https:\/\/www.atlascuisinesolaire.com\/fr\/wp-json\/wp\/v2\/users\/1"}],"replies":[{"embeddable":true,"href":"https:\/\/www.atlascuisinesolaire.com\/fr\/wp-json\/wp\/v2\/comments?post=238"}],"version-history":[{"count":3,"href":"https:\/\/www.atlascuisinesolaire.com\/fr\/wp-json\/wp\/v2\/pages\/238\/revisions"}],"predecessor-version":[{"id":607,"href":"https:\/\/www.atlascuisinesolaire.com\/fr\/wp-json\/wp\/v2\/pages\/238\/revisions\/607"}],"wp:attachment":[{"href":"https:\/\/www.atlascuisinesolaire.com\/fr\/wp-json\/wp\/v2\/media?parent=238"}],"curies":[{"name":"wp","href":"https:\/\/api.w.org\/{rel}","templated":true}]}}