{"id":239,"date":"2020-11-15T14:42:27","date_gmt":"2020-11-15T13:42:27","guid":{"rendered":"https:\/\/www.atlascuisinesolaire.com\/fr\/?page_id=239"},"modified":"2025-01-08T10:53:11","modified_gmt":"2025-01-08T09:53:11","slug":"barbecue-solaire-sun-and-ice-p14","status":"publish","type":"page","link":"https:\/\/www.atlascuisinesolaire.com\/fr\/barbecue-solaire-sun-and-ice-p14\/","title":{"rendered":"Barbecue solaire Sun and Ice P14"},"content":{"rendered":"<h2>Description du barbecue solaire<\/h2>\n<p><a href=\"https:\/\/www.solarbrother.com\/categorie-produit\/four-barbecue-solaire\/?aff=Romain\"><img decoding=\"async\" loading=\"lazy\" class=\"alignnone size-full wp-image-240\" src=\"https:\/\/www.atlascuisinesolaire.com\/fr\/wp-content\/uploads\/2020\/11\/Barbecue-solaire-Sun-and-ice.jpg\" alt=\"\" width=\"400\" height=\"400\" srcset=\"https:\/\/www.atlascuisinesolaire.com\/fr\/wp-content\/uploads\/2020\/11\/Barbecue-solaire-Sun-and-ice.jpg 400w, https:\/\/www.atlascuisinesolaire.com\/fr\/wp-content\/uploads\/2020\/11\/Barbecue-solaire-Sun-and-ice-150x150.jpg 150w, https:\/\/www.atlascuisinesolaire.com\/fr\/wp-content\/uploads\/2020\/11\/Barbecue-solaire-Sun-and-ice-300x300.jpg 300w\" sizes=\"(max-width: 400px) 100vw, 400px\" \/><\/a><\/p>\n<p>Les rayons du soleil sont r\u00e9fl\u00e9chis par un miroir parabolique solaire (aluminium anodis\u00e9) parabolique vers le foyer o\u00f9 est positionn\u00e9 un r\u00e9cipient noir.<\/p>\n<p>La marmite chauffe tr\u00e8s vite et permet toute sorte de cuisson, y compris les fritures \u00e0 200 degr\u00e9s.<\/p>\n<p>Pour garder l&rsquo;efficacit\u00e9 maximum il est pr\u00e9f\u00e9rable de r\u00e9orienter la parabole toutes les 30 minutes.<\/p>\n<p>Puissance : environ 700 watts.<br \/>\nPoids : environ 20 kg.<br \/>\nDimensions : diam\u00e8tre = 140 cm, p=80 cm.<\/p>\n<p>Une fois assembl\u00e9e la parabole solaire s&rsquo;installe tr\u00e8s rapidement et se transporte ais\u00e9ment en voiture.<\/p>\n<p>C&rsquo;est un excellent outil de la cuisson solaire : puissant et rapide (un litre d&rsquo;eau bout en 10 minutes par beau soleil).<\/p>\n<p>Vous trouverez des mod\u00e8les similaires sur <strong><a href=\"https:\/\/www.solarbrother.com\/?aff=Romain\">SolarBrother.com<\/a><\/strong> \u00e0 fabriquer vous m\u00eame ou acheter directement.<\/p>\n","protected":false},"excerpt":{"rendered":"<p>Description du barbecue solaire Les rayons du soleil sont r\u00e9fl\u00e9chis par un miroir parabolique solaire (aluminium anodis\u00e9) parabolique vers le foyer [&hellip;]<\/p>\n","protected":false},"author":1,"featured_media":0,"parent":0,"menu_order":0,"comment_status":"open","ping_status":"closed","template":"","meta":{"footnotes":""},"_links":{"self":[{"href":"https:\/\/www.atlascuisinesolaire.com\/fr\/wp-json\/wp\/v2\/pages\/239"}],"collection":[{"href":"https:\/\/www.atlascuisinesolaire.com\/fr\/wp-json\/wp\/v2\/pages"}],"about":[{"href":"https:\/\/www.atlascuisinesolaire.com\/fr\/wp-json\/wp\/v2\/types\/page"}],"author":[{"embeddable":true,"href":"https:\/\/www.atlascuisinesolaire.com\/fr\/wp-json\/wp\/v2\/users\/1"}],"replies":[{"embeddable":true,"href":"https:\/\/www.atlascuisinesolaire.com\/fr\/wp-json\/wp\/v2\/comments?post=239"}],"version-history":[{"count":4,"href":"https:\/\/www.atlascuisinesolaire.com\/fr\/wp-json\/wp\/v2\/pages\/239\/revisions"}],"predecessor-version":[{"id":610,"href":"https:\/\/www.atlascuisinesolaire.com\/fr\/wp-json\/wp\/v2\/pages\/239\/revisions\/610"}],"wp:attachment":[{"href":"https:\/\/www.atlascuisinesolaire.com\/fr\/wp-json\/wp\/v2\/media?parent=239"}],"curies":[{"name":"wp","href":"https:\/\/api.w.org\/{rel}","templated":true}]}}