{"id":265,"date":"2020-11-25T16:18:49","date_gmt":"2020-11-25T15:18:49","guid":{"rendered":"https:\/\/www.atlascuisinesolaire.com\/fr\/?page_id=265"},"modified":"2024-01-19T14:51:44","modified_gmt":"2024-01-19T13:51:44","slug":"politique-de-cookies","status":"publish","type":"page","link":"https:\/\/www.atlascuisinesolaire.com\/fr\/politique-de-cookies\/","title":{"rendered":"Politique de cookies"},"content":{"rendered":"\n<p>Ce site web n\u2019a pas de cookies, nous les avons tous mang\u00e9s!<\/p>\n\n\n\n<p>Vous avez peut-\u00eatre remarqu\u00e9 que lors de votre navigation sur Internet, vous avez pris l\u2019habitude d\u2019accepter (ou de refuser) un bandeau. Cependant, un d\u00e9tail important distingue notre site : il n\u2019en comporte pas.<\/p>\n\n\n\n<p>Mais qu\u2019est-ce que ce bandeau et pourquoi tous les sites en ont-ils un ?<\/p>\n\n\n\n<p>Selon la CNIL, tout site doit informer de l\u2019utilisation de cookies et de traceurs pour \u00eatre en conformit\u00e9, sauf exception pr\u00e9vue par l\u2019article 82 de la loi Informatique et Libert\u00e9s.<\/p>\n\n\n\n<p>Ces cookies ou traceurs peuvent recueillir de nombreuses informations sur votre comportement sur le site, ainsi que des informations pr\u00e9cieuses sur vous. Si le sujet ne vous est pas familier, vous seriez surpris de la quantit\u00e9 d\u2019informations que vous communiquez de mani\u00e8re invisible aux r\u00e9gies publicitaires et aux entreprises tout en naviguant sur des sites bien connus.<\/p>\n\n\n\n<p>Concr\u00e8tement, les cookies collectent, par exemple :<\/p>\n\n\n\n<ul>\n<li>Les pages que vous visitez<\/li>\n\n\n\n<li>Le choix de la langue<\/li>\n\n\n\n<li>Le temps de consultation de chaque page<\/li>\n\n\n\n<li>Votre fr\u00e9quence de visite<\/li>\n\n\n\n<li>Des informations sur votre navigateur ou sur votre ordinateur<\/li>\n\n\n\n<li>Etc.<\/li>\n<\/ul>\n\n\n\n<p>En g\u00e9n\u00e9ral, ils servent principalement \u00e0 recueillir des informations pour permettre aux r\u00e9gies de cibler les publicit\u00e9s. Cependant, ils peuvent \u00e9galement \u00eatre utilis\u00e9s pour analyser l\u2019utilisation du site web et affiner son contenu afin de mieux retenir votre attention.<\/p>\n\n\n\n<p>Pourquoi ce site n\u2019utilise-t-il pas de cookie ?<\/p>\n\n\n\n<p>Lors de la cr\u00e9ation de notre site, nous nous sommes pos\u00e9 la question de la pertinence de l\u2019utilisation de cookies dans notre cas. Nous ne diffusons aucune publicit\u00e9 et nous attachons une grande importance \u00e0 une pratique aussi \u00e9thique que possible du traitement des donn\u00e9es personnelles.<\/p>\n\n\n\n<p>Nous n\u2019avons pas confiance dans l\u2019utilisation des cookies par des sites tiers. En optant pour un site sans cookie, nous nous engageons \u00e0 garantir le respect de vos donn\u00e9es, tout en \u00e9tablissant un premier lien de confiance.<\/p>\n\n\n\n<p>Pour nous, le cookieless est int\u00e9ressant pour plusieurs raisons :<\/p>\n\n\n\n<ul>\n<li>La garantie pour nos visiteurs que leurs donn\u00e9es ne sont pas collect\u00e9es<\/li>\n\n\n\n<li>La volont\u00e9 de ne pas vous espionner, mais de collaborer avec vous<\/li>\n\n\n\n<li>La disparition future des cookies \u00e0 moyen terme<\/li>\n<\/ul>\n","protected":false},"excerpt":{"rendered":"<p>Ce site web n\u2019a pas de cookies, nous les avons tous mang\u00e9s! Vous avez peut-\u00eatre remarqu\u00e9 que lors de votre navigation [&hellip;]<\/p>\n","protected":false},"author":1,"featured_media":0,"parent":0,"menu_order":0,"comment_status":"closed","ping_status":"closed","template":"","meta":{"footnotes":""},"_links":{"self":[{"href":"https:\/\/www.atlascuisinesolaire.com\/fr\/wp-json\/wp\/v2\/pages\/265"}],"collection":[{"href":"https:\/\/www.atlascuisinesolaire.com\/fr\/wp-json\/wp\/v2\/pages"}],"about":[{"href":"https:\/\/www.atlascuisinesolaire.com\/fr\/wp-json\/wp\/v2\/types\/page"}],"author":[{"embeddable":true,"href":"https:\/\/www.atlascuisinesolaire.com\/fr\/wp-json\/wp\/v2\/users\/1"}],"replies":[{"embeddable":true,"href":"https:\/\/www.atlascuisinesolaire.com\/fr\/wp-json\/wp\/v2\/comments?post=265"}],"version-history":[{"count":5,"href":"https:\/\/www.atlascuisinesolaire.com\/fr\/wp-json\/wp\/v2\/pages\/265\/revisions"}],"predecessor-version":[{"id":522,"href":"https:\/\/www.atlascuisinesolaire.com\/fr\/wp-json\/wp\/v2\/pages\/265\/revisions\/522"}],"wp:attachment":[{"href":"https:\/\/www.atlascuisinesolaire.com\/fr\/wp-json\/wp\/v2\/media?parent=265"}],"curies":[{"name":"wp","href":"https:\/\/api.w.org\/{rel}","templated":true}]}}