{"id":33,"date":"2020-11-02T13:26:36","date_gmt":"2020-11-02T12:26:36","guid":{"rendered":"https:\/\/www.atlascuisinesolaire.com\/fr\/?page_id=33"},"modified":"2020-11-02T13:26:36","modified_gmt":"2020-11-02T12:26:36","slug":"videos-sur-la-cuisine-solaire-et-la-fabrication-de-fours-solaires","status":"publish","type":"page","link":"https:\/\/www.atlascuisinesolaire.com\/fr\/videos-sur-la-cuisine-solaire-et-la-fabrication-de-fours-solaires\/","title":{"rendered":"Vid\u00e9os sur la cuisine solaire et la fabrication de fours solaires"},"content":{"rendered":"<p>Le plugin de vid\u00e9os ne fonctionne plus sur le site, pour plus de vid\u00e9os, consultez les chaines de l&rsquo;Atlas de la Cuisine Solaire:<\/p>\n<ul>\n<li><a href=\"http:\/\/www.dailymotion.com\/bookmarks\/atlascuisinesolaire\">Atlas de la Cuisine Solaire sur Daily motion<\/a><\/li>\n<li><a href=\"http:\/\/www.youtube.com\/user\/atlascuisinesolaire\">Atlas de la Cuisine Solaire sur YouTube<\/a><\/li>\n<\/ul>\n<p>D\u00e9couvrez \u00e9galement les plans de fours solaires ou bien trouvez une association pour acheter votre four solaire sur l&rsquo;Atlas de la cuisine solaire!<\/p>\n","protected":false},"excerpt":{"rendered":"<p>Le plugin de vid\u00e9os ne fonctionne plus sur le site, pour plus de vid\u00e9os, consultez les chaines de l&rsquo;Atlas de la [&hellip;]<\/p>\n","protected":false},"author":1,"featured_media":0,"parent":0,"menu_order":0,"comment_status":"closed","ping_status":"closed","template":"","meta":{"footnotes":""},"_links":{"self":[{"href":"https:\/\/www.atlascuisinesolaire.com\/fr\/wp-json\/wp\/v2\/pages\/33"}],"collection":[{"href":"https:\/\/www.atlascuisinesolaire.com\/fr\/wp-json\/wp\/v2\/pages"}],"about":[{"href":"https:\/\/www.atlascuisinesolaire.com\/fr\/wp-json\/wp\/v2\/types\/page"}],"author":[{"embeddable":true,"href":"https:\/\/www.atlascuisinesolaire.com\/fr\/wp-json\/wp\/v2\/users\/1"}],"replies":[{"embeddable":true,"href":"https:\/\/www.atlascuisinesolaire.com\/fr\/wp-json\/wp\/v2\/comments?post=33"}],"version-history":[{"count":1,"href":"https:\/\/www.atlascuisinesolaire.com\/fr\/wp-json\/wp\/v2\/pages\/33\/revisions"}],"predecessor-version":[{"id":34,"href":"https:\/\/www.atlascuisinesolaire.com\/fr\/wp-json\/wp\/v2\/pages\/33\/revisions\/34"}],"wp:attachment":[{"href":"https:\/\/www.atlascuisinesolaire.com\/fr\/wp-json\/wp\/v2\/media?parent=33"}],"curies":[{"name":"wp","href":"https:\/\/api.w.org\/{rel}","templated":true}]}}