{"id":376,"date":"2021-01-28T08:48:34","date_gmt":"2021-01-28T07:48:34","guid":{"rendered":"https:\/\/www.atlascuisinesolaire.com\/fr\/?page_id=376"},"modified":"2025-01-08T10:52:18","modified_gmt":"2025-01-08T09:52:18","slug":"concentrateur-solaire-lytefire","status":"publish","type":"page","link":"https:\/\/www.atlascuisinesolaire.com\/fr\/concentrateur-solaire-lytefire\/","title":{"rendered":"Concentrateur solaire Lytefire"},"content":{"rendered":"<h2>Pourquoi un concentrateur solaire\u00a0?<\/h2>\n<p>Pour faire face aux changements climatiques, r\u00e9duire notre empreinte environnementale tout en combattant la pauvret\u00e9, Solar Fire Concentration Ltd, tout comme\u00a0<strong><a href=\"https:\/\/www.solarbrother.com\/categorie-produit\/four-barbecue-solaire\/?aff=Romain\">SolarBrother.com<\/a><\/strong> ont pari\u00e9 sur l\u2019\u00e9nergie solaire accessible \u00e0 tous.<\/p>\n<p><img decoding=\"async\" loading=\"lazy\" class=\"alignnone wp-image-388 size-large\" src=\"https:\/\/www.atlascuisinesolaire.com\/fr\/wp-content\/uploads\/2021\/01\/03.-Arnaud-Cr\u00e9tot-premier-boulanger-solaire-en-France-c-Emma-Prodomsci-2020-1-1024x682.jpg\" alt=\"\" width=\"640\" height=\"426\" srcset=\"https:\/\/www.atlascuisinesolaire.com\/fr\/wp-content\/uploads\/2021\/01\/03.-Arnaud-Cr\u00e9tot-premier-boulanger-solaire-en-France-c-Emma-Prodomsci-2020-1-1024x682.jpg 1024w, https:\/\/www.atlascuisinesolaire.com\/fr\/wp-content\/uploads\/2021\/01\/03.-Arnaud-Cr\u00e9tot-premier-boulanger-solaire-en-France-c-Emma-Prodomsci-2020-1-300x200.jpg 300w, https:\/\/www.atlascuisinesolaire.com\/fr\/wp-content\/uploads\/2021\/01\/03.-Arnaud-Cr\u00e9tot-premier-boulanger-solaire-en-France-c-Emma-Prodomsci-2020-1-768x512.jpg 768w, https:\/\/www.atlascuisinesolaire.com\/fr\/wp-content\/uploads\/2021\/01\/03.-Arnaud-Cr\u00e9tot-premier-boulanger-solaire-en-France-c-Emma-Prodomsci-2020-1.jpg 2000w\" sizes=\"(max-width: 640px) 100vw, 640px\" \/><\/p>\n<p>Cuisson de pain solaire avec le LytefireLa technologie de concentration solaire est connue depuis plusieurs milliers d\u2019ann\u00e9es. Solar Fire Concentration Ltd l\u2019a rendue accessible aujourd\u2019hui pour les professionnels. Avec une technologie \u00e9conomiquement viable et comp\u00e9titive, facilement constructible avec des mat\u00e9riaux largement r\u00e9pandus sur Terre, il y a un fort potentiel pour un d\u00e9veloppement rapide et un grand <a href=\"https:\/\/www.atlascuisinesolaire.com\/fr\/impacts-de-la-cuisson-electrique-au-gaz-au-bois-et-au-charbon\/\">impact contre le changement climatique<\/a>.<\/p>\n<p><img decoding=\"async\" loading=\"lazy\" class=\"alignnone wp-image-387 size-large\" src=\"https:\/\/www.atlascuisinesolaire.com\/fr\/wp-content\/uploads\/2021\/01\/02.-Une-journ\u00e9e-de-boulange-en-perspective.-Arnaud-Cr\u00e9tot-c-2020-1-1024x768.jpg\" alt=\"\" width=\"640\" height=\"480\" srcset=\"https:\/\/www.atlascuisinesolaire.com\/fr\/wp-content\/uploads\/2021\/01\/02.-Une-journ\u00e9e-de-boulange-en-perspective.-Arnaud-Cr\u00e9tot-c-2020-1-1024x768.jpg 1024w, https:\/\/www.atlascuisinesolaire.com\/fr\/wp-content\/uploads\/2021\/01\/02.-Une-journ\u00e9e-de-boulange-en-perspective.-Arnaud-Cr\u00e9tot-c-2020-1-300x225.jpg 300w, https:\/\/www.atlascuisinesolaire.com\/fr\/wp-content\/uploads\/2021\/01\/02.-Une-journ\u00e9e-de-boulange-en-perspective.-Arnaud-Cr\u00e9tot-c-2020-1-768x576.jpg 768w, https:\/\/www.atlascuisinesolaire.com\/fr\/wp-content\/uploads\/2021\/01\/02.-Une-journ\u00e9e-de-boulange-en-perspective.-Arnaud-Cr\u00e9tot-c-2020-1.jpg 2000w\" sizes=\"(max-width: 640px) 100vw, 640px\" \/><\/p>\n<p>Cette technologie d\u00e9velopp\u00e9e par Solar Fire Concentration Ltd est la Lytefire : un concentrateur solaire simple, accessible et robuste pour les activit\u00e9s professionnelles. En rempla\u00e7ant des fours traditionnels, la Lytefire \u00e9vite l\u2019\u00e9mission de gaz \u00e0 effet de serre et elle permet de r\u00e9duire notre impact environnemental. En proposant une technologie robuste, facilement constructible et accessible, la Lytefire propose des m\u00e9tiers artisanaux respectueux de l\u2019environnement pour tous. En ayant un <a href=\"https:\/\/www.atlascuisinesolaire.com\/fr\/economies-dun-four-solaire\/\">tr\u00e8s bon retour sur investissement<\/a>, la Lytefire peut se d\u00e9velopper rapidement dans l\u2019\u00e9conomie actuelle et \u00e0 l\u2019\u00e9chelle globale. Social, \u00e9cologie, \u00e9conomie\u2026 tout y est\u00a0!<\/p>\n<h2>La Lytefire\u00a0: pr\u00e9sentation technique<\/h2>\n<p>La g\u00e9om\u00e9trie des miroirs de la Lytefire s\u2019inspire des miroirs de Fresnel . Cela consiste \u00e0 approximer une parabole par plusieurs petits miroirs plans pour garder l\u2019efficacit\u00e9 d\u2019une parabole. Cela a un avantage \u00e9conomique majeur du fait que les miroirs plans sont meilleurs march\u00e9s que les miroirs paraboliques.<\/p>\n<p><img decoding=\"async\" loading=\"lazy\" class=\"alignleft wp-image-385 size-medium\" src=\"https:\/\/www.atlascuisinesolaire.com\/fr\/wp-content\/uploads\/2021\/01\/schema_Lytefire_2D_logo-300x205.jpg\" alt=\"\" width=\"300\" height=\"205\" srcset=\"https:\/\/www.atlascuisinesolaire.com\/fr\/wp-content\/uploads\/2021\/01\/schema_Lytefire_2D_logo-300x205.jpg 300w, https:\/\/www.atlascuisinesolaire.com\/fr\/wp-content\/uploads\/2021\/01\/schema_Lytefire_2D_logo-768x525.jpg 768w, https:\/\/www.atlascuisinesolaire.com\/fr\/wp-content\/uploads\/2021\/01\/schema_Lytefire_2D_logo.jpg 877w\" sizes=\"(max-width: 300px) 100vw, 300px\" \/><\/p>\n<p>La Lytefire se situe entre les <a href=\"https:\/\/www.atlascuisinesolaire.com\/fr\/fonctionnement-et-caracteristiques-dun-four-solaire\/\">fours solaires traditionnels<\/a> (ou les \u00ab\u00a0<a href=\"https:\/\/www.atlascuisinesolaire.com\/fr\/fiche-de-la-parabole-solaire-alsol-1-4\/\">cuisini\u00e8res solaire<\/a>\u00a0\u00bb qui permettent de cuisiner un repas pour quelques personnes) et les technologies de centrales solaires \u00e0 concentration (notamment les centrales de Concentrateur \u00e0 R\u00e9flecteur Lin\u00e9aire de Fresnel compact). Cela permet d\u2019avoir un four solaire puissant (de l\u2019ordre de quelques kilowatts) pouvant supporter une activit\u00e9 professionnelle tout en \u00e9vitant les co\u00fbts des grandes infrastructures.<\/p>\n<p>Des boulangers professionnels l\u2019utilisent d\u00e9j\u00e0 au Kenya, en Tanzanie, au Burkina Faso et en France (Normandie !).<\/p>\n<p>Pour optimiser le rapport qualit\u00e9\/prix de la Lytefire, deux solutions ont \u00e9t\u00e9 choisies selon l\u2019endroit de construction\u00a0: une version artisanale tr\u00e8s accessible n\u00e9cessitant de la main d\u2019\u0153uvre mais peu d\u2019investissement financier pour les pays en d\u00e9veloppement, et une version industrielle pr\u00eate-\u00e0- l\u2019emploi pour les pays d\u00e9velopp\u00e9s. Ces deux versions permettent d\u2019adapter la Lytefire \u00e0 leur march\u00e9.<\/p>\n<p><img decoding=\"async\" loading=\"lazy\" class=\"alignnone wp-image-386 size-large\" src=\"https:\/\/www.atlascuisinesolaire.com\/fr\/wp-content\/uploads\/2021\/01\/01.-La-Lytefire-peut-\u00eatre-utilis\u00e9e-pour-la-torr\u00e9faction.-Arnaud-Cr\u00e9tot-c-2020-1-1024x768.jpg\" alt=\"\" width=\"640\" height=\"480\" srcset=\"https:\/\/www.atlascuisinesolaire.com\/fr\/wp-content\/uploads\/2021\/01\/01.-La-Lytefire-peut-\u00eatre-utilis\u00e9e-pour-la-torr\u00e9faction.-Arnaud-Cr\u00e9tot-c-2020-1-1024x768.jpg 1024w, https:\/\/www.atlascuisinesolaire.com\/fr\/wp-content\/uploads\/2021\/01\/01.-La-Lytefire-peut-\u00eatre-utilis\u00e9e-pour-la-torr\u00e9faction.-Arnaud-Cr\u00e9tot-c-2020-1-300x225.jpg 300w, https:\/\/www.atlascuisinesolaire.com\/fr\/wp-content\/uploads\/2021\/01\/01.-La-Lytefire-peut-\u00eatre-utilis\u00e9e-pour-la-torr\u00e9faction.-Arnaud-Cr\u00e9tot-c-2020-1-768x576.jpg 768w, https:\/\/www.atlascuisinesolaire.com\/fr\/wp-content\/uploads\/2021\/01\/01.-La-Lytefire-peut-\u00eatre-utilis\u00e9e-pour-la-torr\u00e9faction.-Arnaud-Cr\u00e9tot-c-2020-1.jpg 2000w\" sizes=\"(max-width: 640px) 100vw, 640px\" \/><\/p>\n<p>Ainsi la Lytefire 11 permet de cuire 110kg de pain au solstice d\u2019hiver en Normandie et 250kg au solstice d\u2019\u00e9t\u00e9\u00a0! Elle occupe une bonne dizaine de m\u00e8tres carr\u00e9s au sol (selon les mod\u00e8les) et a une puissance d\u2019environ 8kW. Gr\u00e2ce \u00e0 cela, la temp\u00e9rature de 200\u00b0C est atteinte en une demi-heure et la temp\u00e9rature peut monter jusqu\u2019\u00e0 350\u00b0C.<\/p>\n<h2>Les impacts en conditions r\u00e9elles<\/h2>\n<p>Plusieurs projets pilotes ont \u00e9t\u00e9 men\u00e9s en Afrique et en France afin de valider les effets de la Lytefire 5 en conditions r\u00e9elles et d\u2019avoir un retour d\u2019utilisation afin d\u2019am\u00e9liorer la technologie. Les retomb\u00e9es sociales, \u00e9conomiques et \u00e9cologiques sont au rendez-vous\u00a0!<\/p>\n<p>Devis sur demande sur <a href=\"http:\/\/www.solarfire.fr\">www.solarfire.fr<\/a>.<\/p>\n<h2>Sources d&rsquo;information:<\/h2>\n<ol>\n<li>www.solarfire.io &amp; www.solarfire.fr (photos g\u00e9n\u00e9reusement autoris\u00e9es \u00e0 \u00eatre publi\u00e9es sur l&rsquo;Atlas de la Cuisine Solaire)<\/li>\n<li>https:\/\/www.appropedia.org\/Solar_oven_based_on_Fresnel_mirrors<\/li>\n<li>https:\/\/en.wikipedia.org\/wiki\/Compact_linear_Fresnel_reflector<\/li>\n<li>Arnaud Cr\u00e9tot est le premier boulanger solaire de France. Neoloco, www.neoloco.fr<\/li>\n<\/ol>\n<p>Le temps est court dans la lutte contre le changement climatique. Nous savons que plus nous tardons \u00e0 agir, plus les cons\u00e9quences seront graves. Avec une conception technique simple, robuste et accessible, la Lytefire s\u2019attaque rapidement au probl\u00e8me.<\/p>\n","protected":false},"excerpt":{"rendered":"<p>Pourquoi un concentrateur solaire\u00a0? Pour faire face aux changements climatiques, r\u00e9duire notre empreinte environnementale tout en combattant la pauvret\u00e9, Solar Fire [&hellip;]<\/p>\n","protected":false},"author":1,"featured_media":378,"parent":0,"menu_order":0,"comment_status":"open","ping_status":"closed","template":"","meta":{"footnotes":""},"_links":{"self":[{"href":"https:\/\/www.atlascuisinesolaire.com\/fr\/wp-json\/wp\/v2\/pages\/376"}],"collection":[{"href":"https:\/\/www.atlascuisinesolaire.com\/fr\/wp-json\/wp\/v2\/pages"}],"about":[{"href":"https:\/\/www.atlascuisinesolaire.com\/fr\/wp-json\/wp\/v2\/types\/page"}],"author":[{"embeddable":true,"href":"https:\/\/www.atlascuisinesolaire.com\/fr\/wp-json\/wp\/v2\/users\/1"}],"replies":[{"embeddable":true,"href":"https:\/\/www.atlascuisinesolaire.com\/fr\/wp-json\/wp\/v2\/comments?post=376"}],"version-history":[{"count":6,"href":"https:\/\/www.atlascuisinesolaire.com\/fr\/wp-json\/wp\/v2\/pages\/376\/revisions"}],"predecessor-version":[{"id":608,"href":"https:\/\/www.atlascuisinesolaire.com\/fr\/wp-json\/wp\/v2\/pages\/376\/revisions\/608"}],"wp:featuredmedia":[{"embeddable":true,"href":"https:\/\/www.atlascuisinesolaire.com\/fr\/wp-json\/wp\/v2\/media\/378"}],"wp:attachment":[{"href":"https:\/\/www.atlascuisinesolaire.com\/fr\/wp-json\/wp\/v2\/media?parent=376"}],"curies":[{"name":"wp","href":"https:\/\/api.w.org\/{rel}","templated":true}]}}