{"id":38,"date":"2020-11-02T13:55:58","date_gmt":"2020-11-02T12:55:58","guid":{"rendered":"https:\/\/www.atlascuisinesolaire.com\/fr\/?page_id=38"},"modified":"2025-09-28T10:46:40","modified_gmt":"2025-09-28T08:46:40","slug":"acheter-un-four-solaire-barbecue-solaire-ou-cuiseur-solaire","status":"publish","type":"page","link":"https:\/\/www.atlascuisinesolaire.com\/fr\/acheter-un-four-solaire-barbecue-solaire-ou-cuiseur-solaire\/","title":{"rendered":"Acheter un four solaire, barbecue solaire ou cuiseur solaire"},"content":{"rendered":"<p><img decoding=\"async\" loading=\"lazy\" class=\"wp-image-40 size-medium alignright\" src=\"https:\/\/www.atlascuisinesolaire.com\/fr\/wp-content\/uploads\/2020\/11\/cuiseurs-solaires-titre-210x300.jpg\" alt=\"\" width=\"210\" height=\"300\" srcset=\"https:\/\/www.atlascuisinesolaire.com\/fr\/wp-content\/uploads\/2020\/11\/cuiseurs-solaires-titre-210x300.jpg 210w, https:\/\/www.atlascuisinesolaire.com\/fr\/wp-content\/uploads\/2020\/11\/cuiseurs-solaires-titre.jpg 308w\" sizes=\"(max-width: 210px) 100vw, 210px\" \/><\/p>\n<p>De nombreux mod\u00e8les de fours et cuiseurs solaires sont aujourd&rsquo;hui disponibles sur\u00a0<a href=\"https:\/\/www.solarbrother.com\/?aff=Romain\"><strong>SolarBrother.com<\/strong><\/a>, la Fondation Terra \u00e0 travers sa boutique Biohabitat, l&rsquo;Association Solemyo et l&rsquo;Association Bolivia Inti restent quatre grand acteurs de la promotion de la cuisine solaire en France. Ces entreprises et associations proposent r\u00e9guli\u00e8rement des stages de construction de fours solaires et sont \u00e9galement leader dans la fabrication et la distribution de mat\u00e9riel de cuisson solaire (barbecues solaires, cuiseurs solaires, etc.).<\/p>\n<p>L&rsquo;Atlas de la Cuisine Solaire vous permet de rentrer directement en contact avec les organismes distribuant du mat\u00e9riel de cuisson solaire. Vous trouverez ci dessous les contacts directs pour commander un four solaire ou cuiseur solaire.<\/p>\n<p>Nous vous recommandons \u00e9galement le tr\u00e8s complet livre de Michael G\u00f6tz sur les cuiseurs solaires.<\/p>\n<p>D\u00e9couvrez aussi les derniers mod\u00e8les de <a href=\"https:\/\/www.solarbrother.com\/categorie-produit\/four-barbecue-solaire\/?aff=Romain\">Solarbrother<\/a>, le premier distributeur de fours solaires en France aux prix tr\u00e8s int\u00e9ressants: mod\u00e8les Cookup et Kit de cuisson solaire \u00e0 partir de 49\u20ac. Choisissez et achetez le four solaire qui vous convient le mieux:<\/p>\n<p><a href=\"https:\/\/www.solarbrother.com\/categorie-produit\/four-barbecue-solaire\/?aff=Romain\"><img decoding=\"async\" loading=\"lazy\" class=\"alignnone size-full wp-image-39\" src=\"https:\/\/www.atlascuisinesolaire.com\/fr\/wp-content\/uploads\/2020\/11\/IDCook-Modeles.jpg\" alt=\"\" width=\"640\" height=\"143\" srcset=\"https:\/\/www.atlascuisinesolaire.com\/fr\/wp-content\/uploads\/2020\/11\/IDCook-Modeles.jpg 640w, https:\/\/www.atlascuisinesolaire.com\/fr\/wp-content\/uploads\/2020\/11\/IDCook-Modeles-300x67.jpg 300w\" sizes=\"(max-width: 640px) 100vw, 640px\" \/><\/a><\/p>\n<h2>Les fours solaires<\/h2>\n<ul>\n<li><a href=\"https:\/\/www.solarbrother.com\/creation\/?aff=Romain\">Plans open source<\/a><\/li>\n<li><a href=\"https:\/\/www.atlascuisinesolaire.com\/fr\/four-solaire-global-sun-oven\/\">Four solaire Global Sun Oven<\/a><\/li>\n<li><a href=\"https:\/\/www.atlascuisinesolaire.com\/fr\/four-solaire-ulog-light\/\">Four solaire ULOG Light<\/a><\/li>\n<li><a href=\"https:\/\/www.atlascuisinesolaire.com\/fr\/four-solaire-de-bolivia-inti\/\">Four solaire Bolivia Inti<\/a><\/li>\n<li><a href=\"https:\/\/www.atlascuisinesolaire.com\/fr\/four-solaire-ulog-familia\/\">Four solaire ULOG Familia<\/a><\/li>\n<li><a href=\"https:\/\/www.atlascuisinesolaire.com\/fr\/cuiseur-solaire-hot-pot\/\">Cuiseur solaire Hot Pot<\/a><\/li>\n<li><a href=\"https:\/\/www.atlascuisinesolaire.com\/fr\/cuiseur-solaire-bibesol\/\">Cuiseur solaire Bibesol<\/a><\/li>\n<li><a href=\"https:\/\/www.atlascuisinesolaire.com\/fr\/fiche-de-la-parabole-solaire-alsol-1-4\/\">Parabole solaire AlSol 1.4<\/a><\/li>\n<li><a href=\"https:\/\/www.atlascuisinesolaire.com\/fr\/barbecue-solaire-sun-and-ice-p14\/\">Barbecue solaire Sun and Ice P14<\/a><\/li>\n<\/ul>\n<p>&nbsp;<\/p>\n\n\n<pre class=\"wp-block-code\"><code><\/code><\/pre>\n","protected":false},"excerpt":{"rendered":"<p>De nombreux mod\u00e8les de fours et cuiseurs solaires sont aujourd&rsquo;hui disponibles sur\u00a0SolarBrother.com, la Fondation Terra \u00e0 travers sa boutique Biohabitat, l&rsquo;Association [&hellip;]<\/p>\n","protected":false},"author":1,"featured_media":0,"parent":0,"menu_order":0,"comment_status":"open","ping_status":"closed","template":"","meta":{"footnotes":""},"_links":{"self":[{"href":"https:\/\/www.atlascuisinesolaire.com\/fr\/wp-json\/wp\/v2\/pages\/38"}],"collection":[{"href":"https:\/\/www.atlascuisinesolaire.com\/fr\/wp-json\/wp\/v2\/pages"}],"about":[{"href":"https:\/\/www.atlascuisinesolaire.com\/fr\/wp-json\/wp\/v2\/types\/page"}],"author":[{"embeddable":true,"href":"https:\/\/www.atlascuisinesolaire.com\/fr\/wp-json\/wp\/v2\/users\/1"}],"replies":[{"embeddable":true,"href":"https:\/\/www.atlascuisinesolaire.com\/fr\/wp-json\/wp\/v2\/comments?post=38"}],"version-history":[{"count":17,"href":"https:\/\/www.atlascuisinesolaire.com\/fr\/wp-json\/wp\/v2\/pages\/38\/revisions"}],"predecessor-version":[{"id":644,"href":"https:\/\/www.atlascuisinesolaire.com\/fr\/wp-json\/wp\/v2\/pages\/38\/revisions\/644"}],"wp:attachment":[{"href":"https:\/\/www.atlascuisinesolaire.com\/fr\/wp-json\/wp\/v2\/media?parent=38"}],"curies":[{"name":"wp","href":"https:\/\/api.w.org\/{rel}","templated":true}]}}