{"id":65,"date":"2020-11-07T15:00:32","date_gmt":"2020-11-07T14:00:32","guid":{"rendered":"https:\/\/www.atlascuisinesolaire.com\/fr\/?page_id=65"},"modified":"2021-04-14T15:35:41","modified_gmt":"2021-04-14T13:35:41","slug":"economies-dun-four-solaire","status":"publish","type":"page","link":"https:\/\/www.atlascuisinesolaire.com\/fr\/economies-dun-four-solaire\/","title":{"rendered":"Economies d&rsquo;un four solaire"},"content":{"rendered":"<p>Tout chef de cuisine solaire s&rsquo;int\u00e9resse aux \u00e9conomies g\u00e9n\u00e9r\u00e9es par l&rsquo;usage de son four solaire ou de sa parabole solaire. Pour r\u00e9pondre \u00e0 ce besoin d&rsquo;information, nous avons cr\u00e9\u00e9 un mod\u00e8le qui permettra \u00e0 tous les adeptes de bons petits plats solaires d&rsquo;estimer les \u00e9conomies g\u00e9n\u00e9r\u00e9es \u00e0 chaque utilisation d&rsquo;un four solaire en euros, en remplacement d&rsquo;autres modes de cuisson comme le gaz ou l&rsquo;\u00e9lectricit\u00e9, mais aussi le bois ou le charbon.<\/p>\n<p>Si cela vous int\u00e9resse, vous trouverez des mod\u00e8les de fours solaires sur <strong><a href=\"https:\/\/www.solarbrother.com\/#ae15\">SolarBrother.com<\/a><\/strong> \u00e0 fabriquer vous m\u00eame ou acheter directement.<\/p>\n<p>Nous avons voulu aller beaucoup plus loin dans l&rsquo;analyse, c&rsquo;est pourquoi, au del\u00e0 de calculer des \u00e9conomies purement mon\u00e9taires, nous avons voulu estimer les \u00e9conomies en terme d&rsquo;impacts sur l&rsquo;environnement. Gr\u00e2ce au mod\u00e8le vous pouvez donc \u00e9galement conna\u00eetre la quantit\u00e9 de Co2 \u00e9vit\u00e9e gr\u00e2ce \u00e0 la cuisson solaire en remplacement d&rsquo;autres \u00e9nergies telles que le gaz de ville, en bouteille ou l&rsquo;\u00e9lectricit\u00e9. Concernant l&rsquo;\u00e9lectricit\u00e9, nous sommes all\u00e9s jusqu&rsquo;\u00e0 calculer le montant en mg de r\u00e9sidus radioactifs (d\u00e9chets de courte et longue dur\u00e9e de vie) \u00e9vit\u00e9 par chaque cuisson!<\/p>\n<p>Enfin, information int\u00e9ressante, gr\u00e2ce \u00e0 toutes les donn\u00e9es pr\u00e9c\u00e9dente, vous saurez quand vous aurez amorti votre four solaire et\/ou parabole solaire, aussi bien au niveau de son co\u00fbt financier que de son empreinte \u00e9cologique en ce basant sur le bilan carbone de son cycle de vie! Et nous avons ajout\u00e9 au mod\u00e8le deux prospectives sur l&rsquo;\u00e9volution du prix de l&rsquo;\u00e9lectricit\u00e9 et du gaz qui m\u00e9ritent d&rsquo;\u00eatre prisent en compte dans le mod\u00e8le \u00e0 l&rsquo;avenir&#8230;<\/p>\n<p>Le mod\u00e8le est con\u00e7u pour prendre en compte l&rsquo;usage d&rsquo;un four solaire et d&rsquo;une parabole solaire (l&rsquo;un, l&rsquo;autre ou les deux). Il sera r\u00e9guli\u00e8rement mis \u00e0 jour afin de satisfaire tout le monde.<\/p>\n<p><a href=\"https:\/\/www.atlascuisinesolaire.com\/Amortissement-four-solaire.xlsx\">T\u00e9l\u00e9charger le mod\u00e8le au format Excel ici!<\/a><\/p>\n<h2>Illustrations du mod\u00e8le de calcul des \u00e9conomies d&rsquo;un four solaire<\/h2>\n<p>La premi\u00e8re feuille avec les crit\u00e8res utilis\u00e9s dans le mod\u00e8le de calcul des \u00e9conomies d&rsquo;un four solaire.<\/p>\n<p><img decoding=\"async\" loading=\"lazy\" class=\"alignnone size-full wp-image-66\" src=\"https:\/\/www.atlascuisinesolaire.com\/fr\/wp-content\/uploads\/2020\/11\/Indices-modele.jpg\" alt=\"\" width=\"750\" height=\"340\" srcset=\"https:\/\/www.atlascuisinesolaire.com\/fr\/wp-content\/uploads\/2020\/11\/Indices-modele.jpg 750w, https:\/\/www.atlascuisinesolaire.com\/fr\/wp-content\/uploads\/2020\/11\/Indices-modele-300x136.jpg 300w\" sizes=\"(max-width: 750px) 100vw, 750px\" \/><\/p>\n<p>La deuxi\u00e8me feuille comparant les \u00e9conomies d&rsquo;un four solaire et d&rsquo;une parabole solaire en fonction des diff\u00e9rents outils de cuisson remplac\u00e9s et du nombre d&rsquo;usage (gaz de ville, gaz en bouteille, \u00e9lectricit\u00e9&#8230;).<\/p>\n<p><img decoding=\"async\" loading=\"lazy\" class=\"alignnone size-full wp-image-67\" src=\"https:\/\/www.atlascuisinesolaire.com\/fr\/wp-content\/uploads\/2020\/11\/Graphiques-modele.jpg\" alt=\"\" width=\"750\" height=\"333\" srcset=\"https:\/\/www.atlascuisinesolaire.com\/fr\/wp-content\/uploads\/2020\/11\/Graphiques-modele.jpg 750w, https:\/\/www.atlascuisinesolaire.com\/fr\/wp-content\/uploads\/2020\/11\/Graphiques-modele-300x133.jpg 300w\" sizes=\"(max-width: 750px) 100vw, 750px\" \/><\/p>\n<p>La troisi\u00e8me feuille \u00e0 remplir pour chaque usage du four et\/ou de la parabole solaire.<\/p>\n<p><img decoding=\"async\" loading=\"lazy\" class=\"alignnone size-full wp-image-68\" src=\"https:\/\/www.atlascuisinesolaire.com\/fr\/wp-content\/uploads\/2020\/11\/Tableau-modele.jpg\" alt=\"\" width=\"750\" height=\"252\" srcset=\"https:\/\/www.atlascuisinesolaire.com\/fr\/wp-content\/uploads\/2020\/11\/Tableau-modele.jpg 750w, https:\/\/www.atlascuisinesolaire.com\/fr\/wp-content\/uploads\/2020\/11\/Tableau-modele-300x101.jpg 300w\" sizes=\"(max-width: 750px) 100vw, 750px\" \/><\/p>\n<p>La quatri\u00e8me et cinqui\u00e8me feuille anticipent le prix du gaz et de l&rsquo;\u00e9lectricit\u00e9 en kWh pour la France.<\/p>\n<p><img decoding=\"async\" loading=\"lazy\" class=\"alignnone size-full wp-image-70\" src=\"https:\/\/www.atlascuisinesolaire.com\/fr\/wp-content\/uploads\/2020\/11\/Prix-kWh.jpg\" alt=\"\" width=\"750\" height=\"316\" srcset=\"https:\/\/www.atlascuisinesolaire.com\/fr\/wp-content\/uploads\/2020\/11\/Prix-kWh.jpg 750w, https:\/\/www.atlascuisinesolaire.com\/fr\/wp-content\/uploads\/2020\/11\/Prix-kWh-300x126.jpg 300w\" sizes=\"(max-width: 750px) 100vw, 750px\" \/><\/p>\n<p><img decoding=\"async\" loading=\"lazy\" class=\"alignnone size-full wp-image-69\" src=\"https:\/\/www.atlascuisinesolaire.com\/fr\/wp-content\/uploads\/2020\/11\/Prix-Gaz.jpg\" alt=\"\" width=\"750\" height=\"327\" srcset=\"https:\/\/www.atlascuisinesolaire.com\/fr\/wp-content\/uploads\/2020\/11\/Prix-Gaz.jpg 750w, https:\/\/www.atlascuisinesolaire.com\/fr\/wp-content\/uploads\/2020\/11\/Prix-Gaz-300x131.jpg 300w\" sizes=\"(max-width: 750px) 100vw, 750px\" \/><\/p>\n","protected":false},"excerpt":{"rendered":"<p>Tout chef de cuisine solaire s&rsquo;int\u00e9resse aux \u00e9conomies g\u00e9n\u00e9r\u00e9es par l&rsquo;usage de son four solaire ou de sa parabole solaire. Pour [&hellip;]<\/p>\n","protected":false},"author":1,"featured_media":0,"parent":0,"menu_order":0,"comment_status":"open","ping_status":"closed","template":"","meta":{"footnotes":""},"_links":{"self":[{"href":"https:\/\/www.atlascuisinesolaire.com\/fr\/wp-json\/wp\/v2\/pages\/65"}],"collection":[{"href":"https:\/\/www.atlascuisinesolaire.com\/fr\/wp-json\/wp\/v2\/pages"}],"about":[{"href":"https:\/\/www.atlascuisinesolaire.com\/fr\/wp-json\/wp\/v2\/types\/page"}],"author":[{"embeddable":true,"href":"https:\/\/www.atlascuisinesolaire.com\/fr\/wp-json\/wp\/v2\/users\/1"}],"replies":[{"embeddable":true,"href":"https:\/\/www.atlascuisinesolaire.com\/fr\/wp-json\/wp\/v2\/comments?post=65"}],"version-history":[{"count":6,"href":"https:\/\/www.atlascuisinesolaire.com\/fr\/wp-json\/wp\/v2\/pages\/65\/revisions"}],"predecessor-version":[{"id":442,"href":"https:\/\/www.atlascuisinesolaire.com\/fr\/wp-json\/wp\/v2\/pages\/65\/revisions\/442"}],"wp:attachment":[{"href":"https:\/\/www.atlascuisinesolaire.com\/fr\/wp-json\/wp\/v2\/media?parent=65"}],"curies":[{"name":"wp","href":"https:\/\/api.w.org\/{rel}","templated":true}]}}