{"id":7,"date":"2020-11-01T22:04:43","date_gmt":"2020-11-01T21:04:43","guid":{"rendered":"https:\/\/www.atlascuisinesolaire.com\/fr\/?page_id=7"},"modified":"2025-09-28T10:47:44","modified_gmt":"2025-09-28T08:47:44","slug":"fonctionnement-et-caracteristiques-dun-four-solaire","status":"publish","type":"page","link":"https:\/\/www.atlascuisinesolaire.com\/fr\/fonctionnement-et-caracteristiques-dun-four-solaire\/","title":{"rendered":"Fonctionnement et caract\u00e9ristiques d&rsquo;un four solaire"},"content":{"rendered":"<p>Il existe des centaines de mod\u00e8les de cuisini\u00e8res et de fours solaires. Pour les d\u00e9butants, il suffit de savoir faire la diff\u00e9rence entre les syst\u00e8mes \u00e0 concentration comme la parabole solaire Alsol et ceux \u00e0 accumulation. La cuisson au four solaire est une alternative \u00e0 la cuisson traditionnelle au gaz, \u00e0 l&rsquo;\u00e9lectricit\u00e9, au bois ou au charbon fortement \u00e9mettrices de gaz \u00e0 effet de serre. Si vous souhaitez acheter ou fabriquer un four ou barbecue solaire apr\u00e8s votre lecture, nous vous recommandons de visiter <a href=\"https:\/\/www.solarbrother.com\/?aff=Romain\"><strong>SolarBrother.com<\/strong><\/a> pour plus d&rsquo;information!<\/p>\n<p>Ci dessous, quelques un des mod\u00e8les les plus connus des d\u00e9nomm\u00e9s cuiseurs solaires, fours solaires et barbecues solaires:<\/p>\n<h2>Mod\u00e8le Alsol 1.4 (barbecue solaire \u00e0 concentration):<\/h2>\n<p><a href=\"https:\/\/www.solarbrother.com\/?aff=Romain\"><img decoding=\"async\" loading=\"lazy\" class=\"alignnone wp-image-8 size-full\" src=\"https:\/\/www.atlascuisinesolaire.com\/fr\/wp-content\/uploads\/2020\/11\/Manuel_parabole_alsol.jpg\" alt=\"\" width=\"600\" height=\"448\" srcset=\"https:\/\/www.atlascuisinesolaire.com\/fr\/wp-content\/uploads\/2020\/11\/Manuel_parabole_alsol.jpg 600w, https:\/\/www.atlascuisinesolaire.com\/fr\/wp-content\/uploads\/2020\/11\/Manuel_parabole_alsol-300x224.jpg 300w\" sizes=\"(max-width: 600px) 100vw, 600px\" \/><\/a><\/p>\n<h2>Mod\u00e8le de four solaire \u00ab\u00a0Europ\u00e9en\u00a0\u00bb (four solaire \u00e0 effet de serre):<\/h2>\n<p><a href=\"https:\/\/www.solarbrother.com\/?aff=Romain\"><img decoding=\"async\" loading=\"lazy\" class=\"alignnone wp-image-9 size-full\" src=\"https:\/\/www.atlascuisinesolaire.com\/fr\/wp-content\/uploads\/2020\/11\/four_solaire_europe.jpg\" alt=\"\" width=\"600\" height=\"450\" srcset=\"https:\/\/www.atlascuisinesolaire.com\/fr\/wp-content\/uploads\/2020\/11\/four_solaire_europe.jpg 600w, https:\/\/www.atlascuisinesolaire.com\/fr\/wp-content\/uploads\/2020\/11\/four_solaire_europe-300x225.jpg 300w\" sizes=\"(max-width: 600px) 100vw, 600px\" \/><\/a><\/p>\n<h2>Mod\u00e8le Table (cuiseur solaire \u00e0 concentration et effet de serre):<\/h2>\n<p><a href=\"https:\/\/www.solarbrother.com\/?aff=Romain\"><img decoding=\"async\" loading=\"lazy\" class=\"alignnone wp-image-10 size-full\" src=\"https:\/\/www.atlascuisinesolaire.com\/fr\/wp-content\/uploads\/2020\/11\/four-solaire-table.jpg\" alt=\"\" width=\"577\" height=\"494\" srcset=\"https:\/\/www.atlascuisinesolaire.com\/fr\/wp-content\/uploads\/2020\/11\/four-solaire-table.jpg 577w, https:\/\/www.atlascuisinesolaire.com\/fr\/wp-content\/uploads\/2020\/11\/four-solaire-table-300x257.jpg 300w\" sizes=\"(max-width: 577px) 100vw, 577px\" \/><\/a><\/p>\n<h2>Mod\u00e8le Scheffler (parabole solaire \u00e0 concentration):<\/h2>\n<p><img decoding=\"async\" loading=\"lazy\" class=\"alignnone wp-image-11 size-full\" src=\"https:\/\/www.atlascuisinesolaire.com\/fr\/wp-content\/uploads\/2020\/11\/parabole-solaire-scheffler.gif\" alt=\"\" width=\"637\" height=\"520\" \/><\/p>\n<h2>Caract\u00e9ristiques techniques des fours solaires et cuisini\u00e8res solaires:<\/h2>\n<p>La temp\u00e9rature maximale qu&rsquo;atteint un petit four solaire \u00e9quip\u00e9 de r\u00e9flecteurs d&rsquo;une surface d&rsquo;environ 1m\u00b2 est de 230\u00b0C \u00e0 vide. La temp\u00e9rature pour laquelle il est utilis\u00e9 la plupart du temps avec un plat \u00e0 l&rsquo;int\u00e9rieur oscille, elle, entre 140\u00b0C et 160\u00b0C.<\/p>\n<p>Il est en g\u00e9n\u00e9ral conseill\u00e9 d&rsquo;utiliser une petite brique de r\u00e9tention de chaleur les jours d&rsquo;intermitence entre nuages et soleil afin de conserver une temp\u00e9rature constante dans le four, en particulier lors de la pr\u00e9paration de g\u00e2teaux pour lesquels la p\u00e2te doit lever.<\/p>\n<p>En ce qui concerne le barbecue Alsol K14, la chaleur est r\u00e9partie autour de la casserole et atteint rapidement les 200 \u00e0 250\u00b0C, ce qui permet de pr\u00e9parer tous les plats que l&rsquo;on peut pr\u00e9parer avec une cuisini\u00e8re classique, y compris la friture. L&rsquo;\u00e9quivalence de puissance en watts est comprise entre 600 et 900 en fonction de l&rsquo;\u00e9tat des r\u00e9flecteurs et du ciel. Les calculs d&rsquo;\u00e9quivalence sont estim\u00e9s avec pour base le fait qu&rsquo;un m\u00e8tre carr\u00e9 de surface terrestre re\u00e7oit entre 600 et 1000 watts de la part du soleil les jours de beau temps. Les r\u00e9flecteurs et les courants d&rsquo;air absorbants environ 40% du rayonnement solaire, l&rsquo;on obtient:<\/p>\n<p>0,6 * 800 * (3,14 * (1,4\/2)\u00b2 ) = 738,528 watts de puissance moyenne pour un barbecue solaire Alsol K14<\/p>\n<h3>Graphique de la montee en temperature du\u00a0Global Sun Oven:<\/h3>\n<p><a href=\"https:\/\/www.solarbrother.com\/?aff=Romain\"><img decoding=\"async\" loading=\"lazy\" class=\"alignnone wp-image-12 size-full\" src=\"https:\/\/www.atlascuisinesolaire.com\/fr\/wp-content\/uploads\/2020\/11\/Mesure-GSO.jpg\" alt=\"\" width=\"971\" height=\"497\" srcset=\"https:\/\/www.atlascuisinesolaire.com\/fr\/wp-content\/uploads\/2020\/11\/Mesure-GSO.jpg 971w, https:\/\/www.atlascuisinesolaire.com\/fr\/wp-content\/uploads\/2020\/11\/Mesure-GSO-300x154.jpg 300w, https:\/\/www.atlascuisinesolaire.com\/fr\/wp-content\/uploads\/2020\/11\/Mesure-GSO-768x393.jpg 768w\" sizes=\"(max-width: 971px) 100vw, 971px\" \/><\/a><\/p>\n<h3>Comparatif de la dur\u00e9e de cuisson entre un four solaire et un four classique \u00e0 gaz ou \u00e9lectrique:<\/h3>\n<div id=\"attachment_13\" style=\"width: 323px\" class=\"wp-caption alignright\"><img aria-describedby=\"caption-attachment-13\" decoding=\"async\" loading=\"lazy\" class=\"wp-image-13 size-full\" src=\"https:\/\/www.atlascuisinesolaire.com\/fr\/wp-content\/uploads\/2020\/11\/Equivalences_temps_cuisson.gif\" alt=\"\" width=\"313\" height=\"301\" \/><p id=\"caption-attachment-13\" class=\"wp-caption-text\">Tableau temperature four solaire et four classique (\u00e9quivalence des temps de cuisson)<\/p><\/div>\n<p>Un four classique r\u00e9gl\u00e9 sur thermostat 6-7 atteint les 200-220\u00b0C entre 5 et 10 minutes. A cette temp\u00e9rature, il faut veiller \u00e0 \u00e9viter une carbonisation, mais l&rsquo;avantage est que la cuisson est rapide allant la plupart du temps de 30 min \u00e0 1 h.<\/p>\n<p>Comme le montre le graphique ci-dessus, un petit four solaire comme le Global Sun Oven atteint sa temp\u00e9rature utile en 30 min, soit: 150\u00b0C. Une fois \u00e0 150\u00b0C, si l&rsquo;on place un plat \u00e0 cuire, la temp\u00e9rature reste stable. La cuisson est douce, ce qui \u00e0 l&rsquo;avantage de conserver les propri\u00e9t\u00e9s des aliments mais \u00e9galement celui de pouvoir oublier sans risques son g\u00e2teau. Pour une m\u00eame recette, il faut en g\u00e9n\u00e9ral compter 2 \u00e0 3 fois plus de temps avec un four solaire d&rsquo;o\u00f9 le tableau ci-contre.<\/p>\n<h3>Estimez l&rsquo;amortissement \u00e9cologique et \u00e9conomique de votre four solaire!<\/h3>\n<p>T\u00e9l\u00e9chargez la table de calcul de l&rsquo;Atlas de la Cuisine Solaire pour calculer \u00e0 chaque utilisation de votre four solaire ou barbecue solaire: le montant en Euros, la quantit\u00e9 de Co2 et de d\u00e9chets nucl\u00e9aires que vous auriez \u00e9mis en cuisinant avec un four ou une cuisini\u00e8re classique (\u00e9lectrique ou \u00e0 gaz)! Il vous suffit d&rsquo;entrer le temps de cuisson de votre recette pour voir s&rsquo;afficher les \u00e9quivalences&#8230;<\/p>\n<p><img decoding=\"async\" loading=\"lazy\" class=\"alignnone size-medium wp-image-14\" src=\"https:\/\/www.atlascuisinesolaire.com\/fr\/wp-content\/uploads\/2020\/11\/modele_cout_co2_nucleaire_c-300x154.gif\" alt=\"\" width=\"300\" height=\"154\" \/><\/p>\n<p>&nbsp;<\/p>\n","protected":false},"excerpt":{"rendered":"<p>Il existe des centaines de mod\u00e8les de cuisini\u00e8res et de fours solaires. Pour les d\u00e9butants, il suffit de savoir faire la [&hellip;]<\/p>\n","protected":false},"author":1,"featured_media":0,"parent":0,"menu_order":0,"comment_status":"open","ping_status":"closed","template":"","meta":{"footnotes":""},"_links":{"self":[{"href":"https:\/\/www.atlascuisinesolaire.com\/fr\/wp-json\/wp\/v2\/pages\/7"}],"collection":[{"href":"https:\/\/www.atlascuisinesolaire.com\/fr\/wp-json\/wp\/v2\/pages"}],"about":[{"href":"https:\/\/www.atlascuisinesolaire.com\/fr\/wp-json\/wp\/v2\/types\/page"}],"author":[{"embeddable":true,"href":"https:\/\/www.atlascuisinesolaire.com\/fr\/wp-json\/wp\/v2\/users\/1"}],"replies":[{"embeddable":true,"href":"https:\/\/www.atlascuisinesolaire.com\/fr\/wp-json\/wp\/v2\/comments?post=7"}],"version-history":[{"count":5,"href":"https:\/\/www.atlascuisinesolaire.com\/fr\/wp-json\/wp\/v2\/pages\/7\/revisions"}],"predecessor-version":[{"id":645,"href":"https:\/\/www.atlascuisinesolaire.com\/fr\/wp-json\/wp\/v2\/pages\/7\/revisions\/645"}],"wp:attachment":[{"href":"https:\/\/www.atlascuisinesolaire.com\/fr\/wp-json\/wp\/v2\/media?parent=7"}],"curies":[{"name":"wp","href":"https:\/\/api.w.org\/{rel}","templated":true}]}}