{"id":81,"date":"2020-11-07T15:41:11","date_gmt":"2020-11-07T14:41:11","guid":{"rendered":"https:\/\/www.atlascuisinesolaire.com\/fr\/?page_id=81"},"modified":"2020-11-07T15:44:48","modified_gmt":"2020-11-07T14:44:48","slug":"petits-pois-a-la-provencale-au-four-solaire-2h","status":"publish","type":"page","link":"https:\/\/www.atlascuisinesolaire.com\/fr\/recettes-de-cuisine-au-four-solaire\/petits-pois-a-la-provencale-au-four-solaire-2h\/","title":{"rendered":"Petits pois \u00e0 la proven\u00e7ale au four solaire (2h)"},"content":{"rendered":"<p><img decoding=\"async\" loading=\"lazy\" class=\"wp-image-79 size-large\" src=\"https:\/\/www.atlascuisinesolaire.com\/fr\/wp-content\/uploads\/2020\/11\/plat-solaire-petits-pois-provencale-aux-lardons-1024x768.jpg\" alt=\"\" width=\"640\" height=\"480\" srcset=\"https:\/\/www.atlascuisinesolaire.com\/fr\/wp-content\/uploads\/2020\/11\/plat-solaire-petits-pois-provencale-aux-lardons-1024x768.jpg 1024w, https:\/\/www.atlascuisinesolaire.com\/fr\/wp-content\/uploads\/2020\/11\/plat-solaire-petits-pois-provencale-aux-lardons-300x225.jpg 300w, https:\/\/www.atlascuisinesolaire.com\/fr\/wp-content\/uploads\/2020\/11\/plat-solaire-petits-pois-provencale-aux-lardons-768x576.jpg 768w\" sizes=\"(max-width: 640px) 100vw, 640px\" \/><\/p>\n<h2>Ingr\u00e9dients pour 4 personnes<\/h2>\n<ul>\n<li>2 oignons<\/li>\n<li>2 cs d&rsquo;huile d&rsquo;olive<\/li>\n<li>500 g de petits pois<\/li>\n<li>150 g de lardons<\/li>\n<li>1 cs de thym<\/li>\n<li>20 cl cr\u00e8me fraiche \u00e9paisse<\/li>\n<li>1 pinc\u00e9e de sel<\/li>\n<li>1 pinc\u00e9e de poivre<\/li>\n<\/ul>\n<h2>Pr\u00e9paration au four solaire<\/h2>\n<ol>\n<li>Mettre \u00e0 pr\u00e9chauffer le four solaire avec une marmite sans couvercle \u00e0 l&rsquo;int\u00e9rieur.<\/li>\n<li>Couper les oignons en petits morceaux.<\/li>\n<li>Placer dans la marmite les oignons et les lardons. Ajouter l&rsquo;huile d&rsquo;olive et laisser cuire 1h autour de 150\u00b0C.<\/li>\n<li>Ajouter le reste des ingr\u00e9dients et laisser cuire 1h de plus autour de 150\u00b0C.<\/li>\n<li>D\u00e9guster!<\/li>\n<\/ol>\n","protected":false},"excerpt":{"rendered":"<p>Ingr\u00e9dients pour 4 personnes 2 oignons 2 cs d&rsquo;huile d&rsquo;olive 500 g de petits pois 150 g de lardons 1 cs [&hellip;]<\/p>\n","protected":false},"author":1,"featured_media":0,"parent":74,"menu_order":0,"comment_status":"closed","ping_status":"closed","template":"","meta":{"footnotes":""},"_links":{"self":[{"href":"https:\/\/www.atlascuisinesolaire.com\/fr\/wp-json\/wp\/v2\/pages\/81"}],"collection":[{"href":"https:\/\/www.atlascuisinesolaire.com\/fr\/wp-json\/wp\/v2\/pages"}],"about":[{"href":"https:\/\/www.atlascuisinesolaire.com\/fr\/wp-json\/wp\/v2\/types\/page"}],"author":[{"embeddable":true,"href":"https:\/\/www.atlascuisinesolaire.com\/fr\/wp-json\/wp\/v2\/users\/1"}],"replies":[{"embeddable":true,"href":"https:\/\/www.atlascuisinesolaire.com\/fr\/wp-json\/wp\/v2\/comments?post=81"}],"version-history":[{"count":2,"href":"https:\/\/www.atlascuisinesolaire.com\/fr\/wp-json\/wp\/v2\/pages\/81\/revisions"}],"predecessor-version":[{"id":83,"href":"https:\/\/www.atlascuisinesolaire.com\/fr\/wp-json\/wp\/v2\/pages\/81\/revisions\/83"}],"up":[{"embeddable":true,"href":"https:\/\/www.atlascuisinesolaire.com\/fr\/wp-json\/wp\/v2\/pages\/74"}],"wp:attachment":[{"href":"https:\/\/www.atlascuisinesolaire.com\/fr\/wp-json\/wp\/v2\/media?parent=81"}],"curies":[{"name":"wp","href":"https:\/\/api.w.org\/{rel}","templated":true}]}}